{"id":4447,"date":"2025-08-22T19:54:21","date_gmt":"2025-08-22T16:54:21","guid":{"rendered":"https:\/\/kbkmakine.com\/?page_id=4447"},"modified":"2025-08-24T12:53:58","modified_gmt":"2025-08-24T09:53:58","slug":"bayi-basvuru","status":"publish","type":"page","link":"https:\/\/kbkmakine.com\/index.php\/bayi-basvuru\/","title":{"rendered":"Bayi Ba\u015fvuru"},"content":{"rendered":"\t\t<div data-elementor-type=\"wp-page\" data-elementor-id=\"4447\" class=\"elementor elementor-4447\" data-elementor-post-type=\"page\">\n\t\t\t\t\t\t<section class=\"elementor-section elementor-top-section elementor-element elementor-element-8bafd16 elementor-section-full_width elementor-section-height-default elementor-section-height-default\" data-id=\"8bafd16\" data-element_type=\"section\">\n\t\t\t\t\t\t<div class=\"elementor-container elementor-column-gap-no\">\n\t\t\t\t\t<div class=\"elementor-column elementor-col-100 elementor-top-column elementor-element elementor-element-24b138e\" data-id=\"24b138e\" data-element_type=\"column\">\n\t\t\t<div class=\"elementor-widget-wrap elementor-element-populated\">\n\t\t\t\t\t\t<div class=\"elementor-element elementor-element-3ffb4f2 elementor-widget elementor-widget-pix-dividers\" data-id=\"3ffb4f2\" data-element_type=\"widget\" data-widget_type=\"pix-dividers.default\">\n\t\t\t\t<div class=\"elementor-widget-container\">\n\t\t\t\t\t<div class=\"pix-divider  position-relative pix-bottom-divider\" data-style=\"style-8\" ><svg xmlns=\"http:\/\/www.w3.org\/2000\/svg\" width=\"100%\" height=\"300px\" viewBox=\"0 0 1200 366\" preserveAspectRatio=\"none\"><polygon fill=\"url(#divider-pix-accordion-456967-bottom-overlay-layer-3)\" points=\"0 240 1200 0 1200 366 0 366\" \/><polygon fill=\"url(#divider-pix-accordion-456967-bottom-overlay-layer-2)\" points=\"0 300 1200 60 1200 366 0 366\"  \/><polygon fill=\"#ffffff\" points=\"0 360 1200 120 1200 366 0 366\"\/><defs><linearGradient id=\"divider-pix-accordion-456967-bottom-overlay-layer-3\" x1=\"0%\" y1=\"0%\" x2=\"100%\" y2=\"0%\"><stop offset=\"0%\"   stop-color=\"#00000014\"\/><stop offset=\"100%\"   stop-color=\"#FFFFFF03\"\/><\/linearGradient><linearGradient id=\"divider-pix-accordion-456967-bottom-overlay-layer-2\" x1=\"0%\" y1=\"0%\" x2=\"100%\" y2=\"0%\"><stop offset=\"0%\"   stop-color=\"#FFFFFF03\"\/><stop offset=\"100%\"   stop-color=\"#FFFFFF03\"\/><\/linearGradient><\/defs><\/svg><\/div>\t\t\t\t<\/div>\n\t\t\t\t<\/div>\n\t\t\t\t\t<\/div>\n\t\t<\/div>\n\t\t\t\t\t<\/div>\n\t\t<\/section>\n\t\t<div class=\"elementor-element elementor-element-657406c e-flex e-con-boxed e-con e-parent\" data-id=\"657406c\" data-element_type=\"container\">\n\t\t\t\t\t<div class=\"e-con-inner\">\n\t\t\t\t<div class=\"elementor-element elementor-element-d6b9abb elementor-invisible elementor-widget elementor-widget-pix-heading\" data-id=\"d6b9abb\" data-element_type=\"widget\" data-widget_type=\"pix-heading.default\">\n\t\t\t\t<div class=\"elementor-widget-container\">\n\t\t\t\t\t<div  class=\"pix-heading-el text-center \"><div><div class=\"slide-in-container2\"><h4 class=\"font-weight-bold animate-in heading-text el-title_custom_color mb-12\" style=\"\" data-anim-type=\"fade-in-up\" data-anim-delay=\"250\">Neden KBK Makine Bayisi Olmal\u0131s\u0131n\u0131z ?<\/h4><\/div><\/div><\/div>\t\t\t\t<\/div>\n\t\t\t\t<\/div>\n\t\t\t\t<div class=\"elementor-element elementor-element-e210bd0 elementor-widget elementor-widget-pix-feature-list\" data-id=\"e210bd0\" data-element_type=\"widget\" data-widget_type=\"pix-feature-list.default\">\n\t\t\t\t<div class=\"elementor-widget-container\">\n\t\t\t\t\t<div id=\"duo-icon-81008634\" class=\"slide-in-container w-100  \" ><div class=\"py-2 \"  ><div class=\"pix-feature-list   font-weight-bold     py-2 d-flex align-items-center\" ><i class=\"pixicon-check-circle-2 mr-2 text-primary\" ><\/i><span class=\"text-dark-opacity-5\">Ford ve Renault ba\u015fta olmak \u00fczere otomotiv sekt\u00f6r\u00fcnde geni\u015f \u00fcr\u00fcn yelpazesi<\/span><\/div><div class=\"pix-feature-list   font-weight-bold     py-2 d-flex align-items-center\" ><i class=\"pixicon-check-circle-2 mr-2 text-primary\" ><\/i><span class=\"text-dark-opacity-5\">ISO 9001, TSE ve TS 16949 kalite standartlar\u0131na uygun \u00fcretim<\/span><\/div><div class=\"pix-feature-list   font-weight-bold     py-2 d-flex align-items-center\" ><i class=\"pixicon-check-circle-2 mr-2 text-primary\" ><\/i><span class=\"text-dark-opacity-5\">Rekabet\u00e7i fiyat politikas\u0131 ve y\u00fcksek stok g\u00fcvencesi<\/span><\/div><div class=\"pix-feature-list   font-weight-bold     py-2 d-flex align-items-center\" ><i class=\"pixicon-check-circle-2 mr-2 text-primary\" ><\/i><span class=\"text-dark-opacity-5\">\u0130zmir merkezli, T\u00fcrkiye\u2019nin her b\u00f6lgesine h\u0131zl\u0131 sevkiyat<\/span><\/div><div class=\"pix-feature-list   font-weight-bold     py-2 d-flex align-items-center\" ><i class=\"pixicon-check-circle-2 mr-2 text-primary\" ><\/i><span class=\"text-dark-opacity-5\">Profesyonel m\u00fc\u015fteri deste\u011fi ve sat\u0131\u015f sonras\u0131 hizmet<\/span><\/div><\/div><\/div>\t\t\t\t<\/div>\n\t\t\t\t<\/div>\n\t\t\t\t\t<\/div>\n\t\t\t\t<\/div>\n\t\t\t\t<section class=\"elementor-section elementor-top-section elementor-element elementor-element-31cfcf2 elementor-section-boxed elementor-section-height-default elementor-section-height-default\" data-id=\"31cfcf2\" data-element_type=\"section\">\n\t\t\t\t\t\t<div class=\"elementor-container elementor-column-gap-default\">\n\t\t\t\t\t<div class=\"elementor-column elementor-col-50 elementor-top-column elementor-element elementor-element-863ec05\" data-id=\"863ec05\" data-element_type=\"column\">\n\t\t\t<div class=\"elementor-widget-wrap elementor-element-populated\">\n\t\t\t\t\t\t<div class=\"elementor-element elementor-element-fc365d9 elementor-widget elementor-widget-pix-heading\" data-id=\"fc365d9\" data-element_type=\"widget\" data-widget_type=\"pix-heading.default\">\n\t\t\t\t<div class=\"elementor-widget-container\">\n\t\t\t\t\t<div  class=\"pix-heading-el text-left \"><div><div class=\"slide-in-container2\"><h3 class=\"text-heading-default font-weight-bold heading-text el-title_custom_color mb-12\" style=\"\" data-anim-type=\"\" data-anim-delay=\"\">Bayi Ba\u015fvuru<\/h3><\/div><\/div><\/div>\t\t\t\t<\/div>\n\t\t\t\t<\/div>\n\t\t\t\t<div class=\"elementor-element elementor-element-e21eb6d elementor-widget elementor-widget-pix-text\" data-id=\"e21eb6d\" data-element_type=\"widget\" data-widget_type=\"pix-text.default\">\n\t\t\t\t<div class=\"elementor-widget-container\">\n\t\t\t\t\t<div class=\"pix-el-text w-100 text-left \" ><div class=\"d-inline-block\" style=\"max-width:600px;\"><p class=\"text-20 resp-option text-body-default text-left \" >KBK Makine olarak, T\u00fcrkiye genelinde g\u00fcvenilir i\u015f ortaklar\u0131m\u0131zla b\u00fcy\u00fcmeyi ve m\u00fc\u015fterilerimize daha h\u0131zl\u0131, kaliteli hizmet sunmay\u0131 hedefliyoruz. Siz de KBK Makine bayisi olarak sat\u0131\u015f a\u011f\u0131m\u0131za kat\u0131labilir, avantajl\u0131 ko\u015fullardan faydalanabilirsiniz.<\/p><\/div><\/div>\t\t\t\t<\/div>\n\t\t\t\t<\/div>\n\t\t\t\t<div class=\"elementor-element elementor-element-52eb23d elementor-widget elementor-widget-text-editor\" data-id=\"52eb23d\" data-element_type=\"widget\" data-widget_type=\"text-editor.default\">\n\t\t\t\t\t\t\t\t\t<p>\n<div class=\"wpcf7 no-js\" id=\"wpcf7-f4449-o1\" lang=\"en-US\" dir=\"ltr\" data-wpcf7-id=\"4449\">\n<div class=\"screen-reader-response\"><p role=\"status\" aria-live=\"polite\" aria-atomic=\"true\"><\/p> <ul><\/ul><\/div>\n<form action=\"\/index.php\/wp-json\/wp\/v2\/pages\/4447#wpcf7-f4449-o1\" method=\"post\" class=\"wpcf7-form init\" aria-label=\"Contact form\" novalidate=\"novalidate\" data-status=\"init\">\n<fieldset class=\"hidden-fields-container\"><input type=\"hidden\" name=\"_wpcf7\" value=\"4449\" \/><input type=\"hidden\" name=\"_wpcf7_version\" value=\"6.1.1\" \/><input type=\"hidden\" name=\"_wpcf7_locale\" value=\"en_US\" \/><input type=\"hidden\" name=\"_wpcf7_unit_tag\" value=\"wpcf7-f4449-o1\" \/><input type=\"hidden\" name=\"_wpcf7_container_post\" value=\"0\" \/><input type=\"hidden\" name=\"_wpcf7_posted_data_hash\" value=\"\" \/><input type=\"hidden\" name=\"_wpcf7_recaptcha_response\" value=\"\" \/>\n<\/fieldset>\n<div class=\"pix-contact7-form\"><div class=\"row\">\n\t<div class=\"col-lg-6\">\n\t\t<p><label class=\"w-100\">Ad\u0131n\u0131z<br \/>\n<span class=\"wpcf7-form-control-wrap\" data-name=\"your-name\"><input size=\"40\" maxlength=\"400\" class=\"wpcf7-form-control wpcf7-text wpcf7-validates-as-required pix-my-5 shadow-0 bg-gray-3 form-control\" aria-required=\"true\" aria-invalid=\"false\" placeholder=\"\" value=\"\" type=\"text\" name=\"your-name\" \/><\/span><\/label>\n\t\t<\/p>\n\t<\/div>\n\t<div class=\"col-lg-6\">\n\t\t<p><label class=\"w-100\">E-Posta*<br \/>\n<span class=\"wpcf7-form-control-wrap\" data-name=\"your-email\"><input size=\"40\" maxlength=\"400\" class=\"wpcf7-form-control wpcf7-email wpcf7-validates-as-required wpcf7-text wpcf7-validates-as-email pix-my-5 shadow-0 bg-gray-3 form-control\" aria-required=\"true\" aria-invalid=\"false\" placeholder=\"\" value=\"\" type=\"email\" name=\"your-email\" \/><\/span><\/label>\n\t\t<\/p>\n\t<\/div>\n\t<div class=\"col-12\">\n\t\t<p><label class=\"w-100\">Telefon*<br \/>\n<span class=\"wpcf7-form-control-wrap\" data-name=\"your-subject\"><input size=\"40\" maxlength=\"400\" class=\"wpcf7-form-control wpcf7-text wpcf7-validates-as-required pix-my-5 shadow-0 bg-gray-3 form-control\" aria-required=\"true\" aria-invalid=\"false\" placeholder=\"\" value=\"\" type=\"text\" name=\"your-subject\" \/><\/span><\/label>\n\t\t<\/p>\n\t<\/div>\n\t<div class=\"col-12\">\n\t\t<p><label class=\"w-100\">Bulundu\u011funuz \u015eehir*<br \/>\n<span class=\"wpcf7-form-control-wrap\" data-name=\"text-309\"><input size=\"40\" maxlength=\"400\" class=\"wpcf7-form-control wpcf7-text wpcf7-validates-as-required pix-my-5 shadow-0 bg-gray-3 form-control\" aria-required=\"true\" aria-invalid=\"false\" placeholder=\"\" value=\"\" type=\"text\" name=\"text-309\" \/><\/span><\/label>\n\t\t<\/p>\n\t<\/div>\n\t<div class=\"col-12\">\n\t\t<p><label class=\"w-100\">Mesaj\u0131n\u0131z<span class=\"wpcf7-form-control-wrap\" data-name=\"your-message\"><textarea cols=\"40\" rows=\"4\" maxlength=\"2000\" class=\"wpcf7-form-control wpcf7-textarea wpcf7-validates-as-required pix-my-5 shadow-0 bg-gray-3 form-control\" aria-required=\"true\" aria-invalid=\"false\" placeholder=\"\" name=\"your-message\"><\/textarea><\/span><\/label>\n\t\t<\/p>\n\t<\/div>\n<\/div>\n<p><input class=\"wpcf7-form-control wpcf7-submit has-spinner btn btn-gradient-primary text-white w-100 pix-mt-10 font-weight-bold btn-lg shadow-hover\" type=\"submit\" value=\"G\u00f6nder\" \/>\n<\/p><\/div><div class=\"wpcf7-response-output\" aria-hidden=\"true\"><\/div>\n<\/form>\n<\/div>\n<\/p>\t\t\t\t\t\t\t\t<\/div>\n\t\t\t\t\t<\/div>\n\t\t<\/div>\n\t\t\t\t<div class=\"elementor-column elementor-col-50 elementor-top-column elementor-element elementor-element-cefad4f\" data-id=\"cefad4f\" data-element_type=\"column\">\n\t\t\t<div class=\"elementor-widget-wrap elementor-element-populated\">\n\t\t\t\t\t\t<div class=\"elementor-element elementor-element-47601dc elementor-widget elementor-widget-html\" data-id=\"47601dc\" data-element_type=\"widget\" data-widget_type=\"html.default\">\n\t\t\t\t\t<iframe src=\"https:\/\/www.google.com\/maps\/embed?pb=!1m18!1m12!1m3!1d4418.782829317901!2d27.23400488181853!3d38.451831868341465!2m3!1f0!2f0!3f0!3m2!1i1024!2i768!4f13.1!3m3!1m2!1s0x14b97d8dd1858907%3A0x482dd8e1f9fe8de9!2sKBK%20Makine%20Yedek%20Par%C3%A7a%20%C3%9Cretim!5e0!3m2!1str!2str!4v1755873816791!5m2!1str!2str\" width=\"600\" height=\"650\" style=\"border:0;\" allowfullscreen=\"\" loading=\"lazy\" referrerpolicy=\"no-referrer-when-downgrade\"><\/iframe>\t\t\t\t<\/div>\n\t\t\t\t\t<\/div>\n\t\t<\/div>\n\t\t\t\t\t<\/div>\n\t\t<\/section>\n\t\t\t\t<\/div>\n\t\t","protected":false},"excerpt":{"rendered":"<p>Neden KBK Makine Bayisi Olmal\u0131s\u0131n\u0131z ? Ford ve Renault ba\u015fta olmak \u00fczere otomotiv sekt\u00f6r\u00fcnde geni\u015f \u00fcr\u00fcn yelpazesiISO 9001, TSE ve TS 16949 kalite standartlar\u0131na uygun \u00fcretimRekabet\u00e7i fiyat politikas\u0131 ve y\u00fcksek stok g\u00fcvencesi\u0130zmir merkezli, T\u00fcrkiye\u2019nin her b\u00f6lgesine h\u0131zl\u0131 sevkiyatProfesyonel m\u00fc\u015fteri deste\u011fi&#8230;<\/p>\n","protected":false},"author":1,"featured_media":0,"parent":0,"menu_order":0,"comment_status":"closed","ping_status":"closed","template":"","meta":{"footnotes":""},"class_list":["post-4447","page","type-page","status-publish","hentry"],"yoast_head":"<!-- This site is optimized with the Yoast SEO plugin v25.7 - https:\/\/yoast.com\/wordpress\/plugins\/seo\/ -->\n<title>Bayi Ba\u015fvuru - \u015eanz\u0131man Ke\u00e7eleri - Fren Tekerlek Ke\u00e7eleri - Enjekt\u00f6r Ke\u00e7eleri - So\u011futma - Ya\u011flama Par\u00e7alar\u0131<\/title>\n<meta name=\"description\" content=\"KBK Makine bayisi olun, Ford uyumlu yedek par\u00e7alarda \u0130zmir\u2019den t\u00fcm T\u00fcrkiye\u2019ye h\u0131zl\u0131 sevkiyat ve avantajl\u0131 fiyatlarla i\u015f ortakl\u0131\u011f\u0131 kazan\u0131n.\" \/>\n<meta name=\"robots\" content=\"index, follow, max-snippet:-1, max-image-preview:large, max-video-preview:-1\" \/>\n<link rel=\"canonical\" href=\"https:\/\/kbkmakine.com\/index.php\/bayi-basvuru\/\" \/>\n<meta property=\"og:locale\" content=\"tr_TR\" \/>\n<meta property=\"og:type\" content=\"article\" \/>\n<meta property=\"og:title\" content=\"Bayi Ba\u015fvuru - \u015eanz\u0131man Ke\u00e7eleri - Fren Tekerlek Ke\u00e7eleri - Enjekt\u00f6r Ke\u00e7eleri - So\u011futma - Ya\u011flama Par\u00e7alar\u0131\" \/>\n<meta property=\"og:description\" content=\"KBK Makine bayisi olun, Ford uyumlu yedek par\u00e7alarda \u0130zmir\u2019den t\u00fcm T\u00fcrkiye\u2019ye h\u0131zl\u0131 sevkiyat ve avantajl\u0131 fiyatlarla i\u015f ortakl\u0131\u011f\u0131 kazan\u0131n.\" \/>\n<meta property=\"og:url\" content=\"https:\/\/kbkmakine.com\/index.php\/bayi-basvuru\/\" \/>\n<meta property=\"og:site_name\" content=\"\u015eanz\u0131man Ke\u00e7eleri - Fren Tekerlek Ke\u00e7eleri - Enjekt\u00f6r Ke\u00e7eleri - So\u011futma - Ya\u011flama Par\u00e7alar\u0131\" \/>\n<meta property=\"article:modified_time\" content=\"2025-08-24T09:53:58+00:00\" \/>\n<meta name=\"twitter:card\" content=\"summary_large_image\" \/>\n<meta name=\"twitter:label1\" content=\"Tahmini okuma s\u00fcresi\" \/>\n\t<meta name=\"twitter:data1\" content=\"1 dakika\" \/>\n<script type=\"application\/ld+json\" class=\"yoast-schema-graph\">{\"@context\":\"https:\/\/schema.org\",\"@graph\":[{\"@type\":\"WebPage\",\"@id\":\"https:\/\/kbkmakine.com\/index.php\/bayi-basvuru\/\",\"url\":\"https:\/\/kbkmakine.com\/index.php\/bayi-basvuru\/\",\"name\":\"Bayi Ba\u015fvuru - \u015eanz\u0131man Ke\u00e7eleri - Fren Tekerlek Ke\u00e7eleri - Enjekt\u00f6r Ke\u00e7eleri - So\u011futma - Ya\u011flama Par\u00e7alar\u0131\",\"isPartOf\":{\"@id\":\"https:\/\/kbkmakine.com\/#website\"},\"datePublished\":\"2025-08-22T16:54:21+00:00\",\"dateModified\":\"2025-08-24T09:53:58+00:00\",\"description\":\"KBK Makine bayisi olun, Ford uyumlu yedek par\u00e7alarda \u0130zmir\u2019den t\u00fcm T\u00fcrkiye\u2019ye h\u0131zl\u0131 sevkiyat ve avantajl\u0131 fiyatlarla i\u015f ortakl\u0131\u011f\u0131 kazan\u0131n.\",\"breadcrumb\":{\"@id\":\"https:\/\/kbkmakine.com\/index.php\/bayi-basvuru\/#breadcrumb\"},\"inLanguage\":\"tr\",\"potentialAction\":[{\"@type\":\"ReadAction\",\"target\":[\"https:\/\/kbkmakine.com\/index.php\/bayi-basvuru\/\"]}]},{\"@type\":\"BreadcrumbList\",\"@id\":\"https:\/\/kbkmakine.com\/index.php\/bayi-basvuru\/#breadcrumb\",\"itemListElement\":[{\"@type\":\"ListItem\",\"position\":1,\"name\":\"Anasayfa\",\"item\":\"https:\/\/kbkmakine.com\/\"},{\"@type\":\"ListItem\",\"position\":2,\"name\":\"Bayi Ba\u015fvuru\"}]},{\"@type\":\"WebSite\",\"@id\":\"https:\/\/kbkmakine.com\/#website\",\"url\":\"https:\/\/kbkmakine.com\/\",\"name\":\"\u015eanz\u0131man Ke\u00e7eleri - Fren Tekerlek Ke\u00e7eleri - Enjekt\u00f6r Ke\u00e7eleri - So\u011futma - Ya\u011flama Par\u00e7alar\u0131\",\"description\":\"\",\"potentialAction\":[{\"@type\":\"SearchAction\",\"target\":{\"@type\":\"EntryPoint\",\"urlTemplate\":\"https:\/\/kbkmakine.com\/?s={search_term_string}\"},\"query-input\":{\"@type\":\"PropertyValueSpecification\",\"valueRequired\":true,\"valueName\":\"search_term_string\"}}],\"inLanguage\":\"tr\"}]}<\/script>\n<!-- \/ Yoast SEO plugin. -->","yoast_head_json":{"title":"Bayi Ba\u015fvuru - \u015eanz\u0131man Ke\u00e7eleri - Fren Tekerlek Ke\u00e7eleri - Enjekt\u00f6r Ke\u00e7eleri - So\u011futma - Ya\u011flama Par\u00e7alar\u0131","description":"KBK Makine bayisi olun, Ford uyumlu yedek par\u00e7alarda \u0130zmir\u2019den t\u00fcm T\u00fcrkiye\u2019ye h\u0131zl\u0131 sevkiyat ve avantajl\u0131 fiyatlarla i\u015f ortakl\u0131\u011f\u0131 kazan\u0131n.","robots":{"index":"index","follow":"follow","max-snippet":"max-snippet:-1","max-image-preview":"max-image-preview:large","max-video-preview":"max-video-preview:-1"},"canonical":"https:\/\/kbkmakine.com\/index.php\/bayi-basvuru\/","og_locale":"tr_TR","og_type":"article","og_title":"Bayi Ba\u015fvuru - \u015eanz\u0131man Ke\u00e7eleri - Fren Tekerlek Ke\u00e7eleri - Enjekt\u00f6r Ke\u00e7eleri - So\u011futma - Ya\u011flama Par\u00e7alar\u0131","og_description":"KBK Makine bayisi olun, Ford uyumlu yedek par\u00e7alarda \u0130zmir\u2019den t\u00fcm T\u00fcrkiye\u2019ye h\u0131zl\u0131 sevkiyat ve avantajl\u0131 fiyatlarla i\u015f ortakl\u0131\u011f\u0131 kazan\u0131n.","og_url":"https:\/\/kbkmakine.com\/index.php\/bayi-basvuru\/","og_site_name":"\u015eanz\u0131man Ke\u00e7eleri - Fren Tekerlek Ke\u00e7eleri - Enjekt\u00f6r Ke\u00e7eleri - So\u011futma - Ya\u011flama Par\u00e7alar\u0131","article_modified_time":"2025-08-24T09:53:58+00:00","twitter_card":"summary_large_image","twitter_misc":{"Tahmini okuma s\u00fcresi":"1 dakika"},"schema":{"@context":"https:\/\/schema.org","@graph":[{"@type":"WebPage","@id":"https:\/\/kbkmakine.com\/index.php\/bayi-basvuru\/","url":"https:\/\/kbkmakine.com\/index.php\/bayi-basvuru\/","name":"Bayi Ba\u015fvuru - \u015eanz\u0131man Ke\u00e7eleri - Fren Tekerlek Ke\u00e7eleri - Enjekt\u00f6r Ke\u00e7eleri - So\u011futma - Ya\u011flama Par\u00e7alar\u0131","isPartOf":{"@id":"https:\/\/kbkmakine.com\/#website"},"datePublished":"2025-08-22T16:54:21+00:00","dateModified":"2025-08-24T09:53:58+00:00","description":"KBK Makine bayisi olun, Ford uyumlu yedek par\u00e7alarda \u0130zmir\u2019den t\u00fcm T\u00fcrkiye\u2019ye h\u0131zl\u0131 sevkiyat ve avantajl\u0131 fiyatlarla i\u015f ortakl\u0131\u011f\u0131 kazan\u0131n.","breadcrumb":{"@id":"https:\/\/kbkmakine.com\/index.php\/bayi-basvuru\/#breadcrumb"},"inLanguage":"tr","potentialAction":[{"@type":"ReadAction","target":["https:\/\/kbkmakine.com\/index.php\/bayi-basvuru\/"]}]},{"@type":"BreadcrumbList","@id":"https:\/\/kbkmakine.com\/index.php\/bayi-basvuru\/#breadcrumb","itemListElement":[{"@type":"ListItem","position":1,"name":"Anasayfa","item":"https:\/\/kbkmakine.com\/"},{"@type":"ListItem","position":2,"name":"Bayi Ba\u015fvuru"}]},{"@type":"WebSite","@id":"https:\/\/kbkmakine.com\/#website","url":"https:\/\/kbkmakine.com\/","name":"\u015eanz\u0131man Ke\u00e7eleri - Fren Tekerlek Ke\u00e7eleri - Enjekt\u00f6r Ke\u00e7eleri - So\u011futma - Ya\u011flama Par\u00e7alar\u0131","description":"","potentialAction":[{"@type":"SearchAction","target":{"@type":"EntryPoint","urlTemplate":"https:\/\/kbkmakine.com\/?s={search_term_string}"},"query-input":{"@type":"PropertyValueSpecification","valueRequired":true,"valueName":"search_term_string"}}],"inLanguage":"tr"}]}},"_links":{"self":[{"href":"https:\/\/kbkmakine.com\/index.php\/wp-json\/wp\/v2\/pages\/4447","targetHints":{"allow":["GET"]}}],"collection":[{"href":"https:\/\/kbkmakine.com\/index.php\/wp-json\/wp\/v2\/pages"}],"about":[{"href":"https:\/\/kbkmakine.com\/index.php\/wp-json\/wp\/v2\/types\/page"}],"author":[{"embeddable":true,"href":"https:\/\/kbkmakine.com\/index.php\/wp-json\/wp\/v2\/users\/1"}],"replies":[{"embeddable":true,"href":"https:\/\/kbkmakine.com\/index.php\/wp-json\/wp\/v2\/comments?post=4447"}],"version-history":[{"count":7,"href":"https:\/\/kbkmakine.com\/index.php\/wp-json\/wp\/v2\/pages\/4447\/revisions"}],"predecessor-version":[{"id":4455,"href":"https:\/\/kbkmakine.com\/index.php\/wp-json\/wp\/v2\/pages\/4447\/revisions\/4455"}],"wp:attachment":[{"href":"https:\/\/kbkmakine.com\/index.php\/wp-json\/wp\/v2\/media?parent=4447"}],"curies":[{"name":"wp","href":"https:\/\/api.w.org\/{rel}","templated":true}]}}