{"id":4425,"date":"2025-08-22T18:49:24","date_gmt":"2025-08-22T15:49:24","guid":{"rendered":"https:\/\/kbkmakine.com\/?page_id=4425"},"modified":"2025-08-22T18:50:29","modified_gmt":"2025-08-22T15:50:29","slug":"misyonumuz","status":"publish","type":"page","link":"https:\/\/kbkmakine.com\/index.php\/misyonumuz\/","title":{"rendered":"Misyonumuz"},"content":{"rendered":"\t\t<div data-elementor-type=\"wp-page\" data-elementor-id=\"4425\" class=\"elementor elementor-4425\" data-elementor-post-type=\"page\">\n\t\t\t\t\t\t<section class=\"elementor-section elementor-top-section elementor-element elementor-element-1a8c33f elementor-section-full_width elementor-section-height-default elementor-section-height-default\" data-id=\"1a8c33f\" data-element_type=\"section\">\n\t\t\t\t\t\t<div class=\"elementor-container elementor-column-gap-no\">\n\t\t\t\t\t<div class=\"elementor-column elementor-col-100 elementor-top-column elementor-element elementor-element-24b945c\" data-id=\"24b945c\" data-element_type=\"column\">\n\t\t\t<div class=\"elementor-widget-wrap elementor-element-populated\">\n\t\t\t\t\t\t<div class=\"elementor-element elementor-element-418ddcf elementor-widget elementor-widget-pix-dividers\" data-id=\"418ddcf\" data-element_type=\"widget\" data-widget_type=\"pix-dividers.default\">\n\t\t\t\t<div class=\"elementor-widget-container\">\n\t\t\t\t\t<div class=\"pix-divider  position-relative pix-bottom-divider\" data-style=\"style-8\" ><svg xmlns=\"http:\/\/www.w3.org\/2000\/svg\" width=\"100%\" height=\"300px\" viewBox=\"0 0 1200 366\" preserveAspectRatio=\"none\"><polygon fill=\"url(#divider-pix-accordion-447680-bottom-overlay-layer-3)\" points=\"0 240 1200 0 1200 366 0 366\" \/><polygon fill=\"url(#divider-pix-accordion-447680-bottom-overlay-layer-2)\" points=\"0 300 1200 60 1200 366 0 366\"  \/><polygon fill=\"#ffffff\" points=\"0 360 1200 120 1200 366 0 366\"\/><defs><linearGradient id=\"divider-pix-accordion-447680-bottom-overlay-layer-3\" x1=\"0%\" y1=\"0%\" x2=\"100%\" y2=\"0%\"><stop offset=\"0%\"   stop-color=\"#00000014\"\/><stop offset=\"100%\"   stop-color=\"#FFFFFF03\"\/><\/linearGradient><linearGradient id=\"divider-pix-accordion-447680-bottom-overlay-layer-2\" x1=\"0%\" y1=\"0%\" x2=\"100%\" y2=\"0%\"><stop offset=\"0%\"   stop-color=\"#FFFFFF03\"\/><stop offset=\"100%\"   stop-color=\"#FFFFFF03\"\/><\/linearGradient><\/defs><\/svg><\/div>\t\t\t\t<\/div>\n\t\t\t\t<\/div>\n\t\t\t\t\t<\/div>\n\t\t<\/div>\n\t\t\t\t\t<\/div>\n\t\t<\/section>\n\t\t\t\t<section class=\"elementor-section elementor-top-section elementor-element elementor-element-26d4f46 elementor-section-boxed elementor-section-height-default elementor-section-height-default\" data-id=\"26d4f46\" data-element_type=\"section\">\n\t\t\t\t\t\t<div class=\"elementor-container elementor-column-gap-default\">\n\t\t\t\t\t<div class=\"elementor-column elementor-col-50 elementor-top-column elementor-element elementor-element-b180d2e\" data-id=\"b180d2e\" data-element_type=\"column\">\n\t\t\t<div class=\"elementor-widget-wrap elementor-element-populated\">\n\t\t\t\t\t\t<div class=\"elementor-element elementor-element-de149e8 elementor-widget elementor-widget-pix-heading\" data-id=\"de149e8\" data-element_type=\"widget\" data-widget_type=\"pix-heading.default\">\n\t\t\t\t<div class=\"elementor-widget-container\">\n\t\t\t\t\t<div  class=\"pix-heading-el text-left \"><div><div class=\"slide-in-container2\"><h2 class=\"text-heading-default font-weight-bold heading-text el-title_custom_color mb-12\" style=\"\" data-anim-type=\"\" data-anim-delay=\"\">Misyonumuz<\/h2><\/div><\/div><\/div>\t\t\t\t<\/div>\n\t\t\t\t<\/div>\n\t\t\t\t<div class=\"elementor-element elementor-element-f4d7fe9 elementor-invisible elementor-widget elementor-widget-pix-text\" data-id=\"f4d7fe9\" data-element_type=\"widget\" data-widget_type=\"pix-text.default\">\n\t\t\t\t<div class=\"elementor-widget-container\">\n\t\t\t\t\t<div class=\"pix-el-text w-100 text-left \" ><p class=\"resp-option text-left \"><div class=\" animate-in d-inline-block\" data-anim-delay=\"200\" data-anim-type=\"fade-in-up\"><p>Otomotiv yedek par\u00e7a sekt\u00f6r\u00fcnde; <strong data-start=\"1086\" data-end=\"1131\">y\u00fcksek kalite, uygun fiyat ve h\u0131zl\u0131 \u00e7\u00f6z\u00fcm<\/strong> anlay\u0131\u015f\u0131yla m\u00fc\u015fterilerimizin ihtiya\u00e7lar\u0131n\u0131 kar\u015f\u0131lamak, g\u00fcvenilir i\u015f orta\u011f\u0131 olmakt\u0131r.<\/p><\/div><\/p><\/div>\t\t\t\t<\/div>\n\t\t\t\t<\/div>\n\t\t\t\t\t<\/div>\n\t\t<\/div>\n\t\t\t\t<div class=\"elementor-column elementor-col-50 elementor-top-column elementor-element elementor-element-8c38ac3\" data-id=\"8c38ac3\" data-element_type=\"column\">\n\t\t\t<div class=\"elementor-widget-wrap elementor-element-populated\">\n\t\t\t\t\t\t<div class=\"elementor-element elementor-element-e3a3fd2 elementor-widget elementor-widget-pix-img\" data-id=\"e3a3fd2\" data-element_type=\"widget\" data-widget_type=\"pix-img.default\">\n\t\t\t\t<div class=\"elementor-widget-container\">\n\t\t\t\t\t<div class=\"d-inline-block \" ><div class=\"pix-img-el    shadow-lg shadow-hover-lg scale-sm text-center d-inline-block  w-100 rounded-10\"  data-jarallax-element=\"25 0\" data-xaxis=\"25\" data-yaxis=\"0\"><img fetchpriority=\"high\" decoding=\"async\" class=\"card-img2 pix-img-elem rounded-10  h-1002\" style=\"height:auto;\" width=\"1833\" height=\"1222\" srcset=\"https:\/\/kbkmakine.com\/wp-content\/uploads\/2025\/08\/kbk-makine-1.jpg 1833w, https:\/\/kbkmakine.com\/wp-content\/uploads\/2025\/08\/kbk-makine-1-300x200.jpg 300w, https:\/\/kbkmakine.com\/wp-content\/uploads\/2025\/08\/kbk-makine-1-1024x683.jpg 1024w, https:\/\/kbkmakine.com\/wp-content\/uploads\/2025\/08\/kbk-makine-1-768x512.jpg 768w, https:\/\/kbkmakine.com\/wp-content\/uploads\/2025\/08\/kbk-makine-1-1536x1024.jpg 1536w\" sizes=\"(max-width: 1833px) 100vw, 1833px\" src=\"https:\/\/kbkmakine.com\/wp-content\/uploads\/2025\/08\/kbk-makine-1.jpg\" alt=\"Image\" \/><\/div><\/div>\t\t\t\t<\/div>\n\t\t\t\t<\/div>\n\t\t\t\t\t<\/div>\n\t\t<\/div>\n\t\t\t\t\t<\/div>\n\t\t<\/section>\n\t\t\t\t<\/div>\n\t\t","protected":false},"excerpt":{"rendered":"<p>Misyonumuz Otomotiv yedek par\u00e7a sekt\u00f6r\u00fcnde; y\u00fcksek kalite, uygun fiyat ve h\u0131zl\u0131 \u00e7\u00f6z\u00fcm anlay\u0131\u015f\u0131yla m\u00fc\u015fterilerimizin ihtiya\u00e7lar\u0131n\u0131 kar\u015f\u0131lamak, g\u00fcvenilir i\u015f orta\u011f\u0131 olmakt\u0131r.<\/p>\n","protected":false},"author":1,"featured_media":0,"parent":0,"menu_order":0,"comment_status":"closed","ping_status":"closed","template":"","meta":{"footnotes":""},"class_list":["post-4425","page","type-page","status-publish","hentry"],"yoast_head":"<!-- This site is optimized with the Yoast SEO plugin v25.7 - https:\/\/yoast.com\/wordpress\/plugins\/seo\/ -->\n<title>Misyonumuz - \u015eanz\u0131man Ke\u00e7eleri - Fren Tekerlek Ke\u00e7eleri - Enjekt\u00f6r Ke\u00e7eleri - So\u011futma - Ya\u011flama Par\u00e7alar\u0131<\/title>\n<meta name=\"robots\" content=\"index, follow, max-snippet:-1, max-image-preview:large, max-video-preview:-1\" \/>\n<link rel=\"canonical\" href=\"https:\/\/kbkmakine.com\/index.php\/misyonumuz\/\" \/>\n<meta property=\"og:locale\" content=\"tr_TR\" \/>\n<meta property=\"og:type\" content=\"article\" \/>\n<meta property=\"og:title\" content=\"Misyonumuz - \u015eanz\u0131man Ke\u00e7eleri - Fren Tekerlek Ke\u00e7eleri - Enjekt\u00f6r Ke\u00e7eleri - So\u011futma - Ya\u011flama Par\u00e7alar\u0131\" \/>\n<meta property=\"og:description\" content=\"Misyonumuz Otomotiv yedek par\u00e7a sekt\u00f6r\u00fcnde; y\u00fcksek kalite, uygun fiyat ve h\u0131zl\u0131 \u00e7\u00f6z\u00fcm anlay\u0131\u015f\u0131yla m\u00fc\u015fterilerimizin ihtiya\u00e7lar\u0131n\u0131 kar\u015f\u0131lamak, g\u00fcvenilir i\u015f orta\u011f\u0131 olmakt\u0131r.\" \/>\n<meta property=\"og:url\" content=\"https:\/\/kbkmakine.com\/index.php\/misyonumuz\/\" \/>\n<meta property=\"og:site_name\" content=\"\u015eanz\u0131man Ke\u00e7eleri - Fren Tekerlek Ke\u00e7eleri - Enjekt\u00f6r Ke\u00e7eleri - So\u011futma - Ya\u011flama Par\u00e7alar\u0131\" \/>\n<meta property=\"article:modified_time\" content=\"2025-08-22T15:50:29+00:00\" \/>\n<meta property=\"og:image\" content=\"https:\/\/kbkmakine.com\/wp-content\/uploads\/2025\/08\/kbk-makine-1.jpg\" \/>\n<meta name=\"twitter:card\" content=\"summary_large_image\" \/>\n<meta name=\"twitter:label1\" content=\"Tahmini okuma s\u00fcresi\" \/>\n\t<meta name=\"twitter:data1\" content=\"1 dakika\" \/>\n<script type=\"application\/ld+json\" class=\"yoast-schema-graph\">{\"@context\":\"https:\/\/schema.org\",\"@graph\":[{\"@type\":\"WebPage\",\"@id\":\"https:\/\/kbkmakine.com\/index.php\/misyonumuz\/\",\"url\":\"https:\/\/kbkmakine.com\/index.php\/misyonumuz\/\",\"name\":\"Misyonumuz - \u015eanz\u0131man Ke\u00e7eleri - Fren Tekerlek Ke\u00e7eleri - Enjekt\u00f6r Ke\u00e7eleri - So\u011futma - Ya\u011flama Par\u00e7alar\u0131\",\"isPartOf\":{\"@id\":\"https:\/\/kbkmakine.com\/#website\"},\"primaryImageOfPage\":{\"@id\":\"https:\/\/kbkmakine.com\/index.php\/misyonumuz\/#primaryimage\"},\"image\":{\"@id\":\"https:\/\/kbkmakine.com\/index.php\/misyonumuz\/#primaryimage\"},\"thumbnailUrl\":\"https:\/\/kbkmakine.com\/wp-content\/uploads\/2025\/08\/kbk-makine-1.jpg\",\"datePublished\":\"2025-08-22T15:49:24+00:00\",\"dateModified\":\"2025-08-22T15:50:29+00:00\",\"breadcrumb\":{\"@id\":\"https:\/\/kbkmakine.com\/index.php\/misyonumuz\/#breadcrumb\"},\"inLanguage\":\"tr\",\"potentialAction\":[{\"@type\":\"ReadAction\",\"target\":[\"https:\/\/kbkmakine.com\/index.php\/misyonumuz\/\"]}]},{\"@type\":\"ImageObject\",\"inLanguage\":\"tr\",\"@id\":\"https:\/\/kbkmakine.com\/index.php\/misyonumuz\/#primaryimage\",\"url\":\"https:\/\/kbkmakine.com\/wp-content\/uploads\/2025\/08\/kbk-makine-1.jpg\",\"contentUrl\":\"https:\/\/kbkmakine.com\/wp-content\/uploads\/2025\/08\/kbk-makine-1.jpg\",\"width\":1833,\"height\":1222},{\"@type\":\"BreadcrumbList\",\"@id\":\"https:\/\/kbkmakine.com\/index.php\/misyonumuz\/#breadcrumb\",\"itemListElement\":[{\"@type\":\"ListItem\",\"position\":1,\"name\":\"Anasayfa\",\"item\":\"https:\/\/kbkmakine.com\/\"},{\"@type\":\"ListItem\",\"position\":2,\"name\":\"Misyonumuz\"}]},{\"@type\":\"WebSite\",\"@id\":\"https:\/\/kbkmakine.com\/#website\",\"url\":\"https:\/\/kbkmakine.com\/\",\"name\":\"\u015eanz\u0131man Ke\u00e7eleri - Fren Tekerlek Ke\u00e7eleri - Enjekt\u00f6r Ke\u00e7eleri - So\u011futma - Ya\u011flama Par\u00e7alar\u0131\",\"description\":\"\",\"potentialAction\":[{\"@type\":\"SearchAction\",\"target\":{\"@type\":\"EntryPoint\",\"urlTemplate\":\"https:\/\/kbkmakine.com\/?s={search_term_string}\"},\"query-input\":{\"@type\":\"PropertyValueSpecification\",\"valueRequired\":true,\"valueName\":\"search_term_string\"}}],\"inLanguage\":\"tr\"}]}<\/script>\n<!-- \/ Yoast SEO plugin. -->","yoast_head_json":{"title":"Misyonumuz - \u015eanz\u0131man Ke\u00e7eleri - Fren Tekerlek Ke\u00e7eleri - Enjekt\u00f6r Ke\u00e7eleri - So\u011futma - Ya\u011flama Par\u00e7alar\u0131","robots":{"index":"index","follow":"follow","max-snippet":"max-snippet:-1","max-image-preview":"max-image-preview:large","max-video-preview":"max-video-preview:-1"},"canonical":"https:\/\/kbkmakine.com\/index.php\/misyonumuz\/","og_locale":"tr_TR","og_type":"article","og_title":"Misyonumuz - \u015eanz\u0131man Ke\u00e7eleri - Fren Tekerlek Ke\u00e7eleri - Enjekt\u00f6r Ke\u00e7eleri - So\u011futma - Ya\u011flama Par\u00e7alar\u0131","og_description":"Misyonumuz Otomotiv yedek par\u00e7a sekt\u00f6r\u00fcnde; y\u00fcksek kalite, uygun fiyat ve h\u0131zl\u0131 \u00e7\u00f6z\u00fcm anlay\u0131\u015f\u0131yla m\u00fc\u015fterilerimizin ihtiya\u00e7lar\u0131n\u0131 kar\u015f\u0131lamak, g\u00fcvenilir i\u015f orta\u011f\u0131 olmakt\u0131r.","og_url":"https:\/\/kbkmakine.com\/index.php\/misyonumuz\/","og_site_name":"\u015eanz\u0131man Ke\u00e7eleri - Fren Tekerlek Ke\u00e7eleri - Enjekt\u00f6r Ke\u00e7eleri - So\u011futma - Ya\u011flama Par\u00e7alar\u0131","article_modified_time":"2025-08-22T15:50:29+00:00","og_image":[{"url":"https:\/\/kbkmakine.com\/wp-content\/uploads\/2025\/08\/kbk-makine-1.jpg","type":"","width":"","height":""}],"twitter_card":"summary_large_image","twitter_misc":{"Tahmini okuma s\u00fcresi":"1 dakika"},"schema":{"@context":"https:\/\/schema.org","@graph":[{"@type":"WebPage","@id":"https:\/\/kbkmakine.com\/index.php\/misyonumuz\/","url":"https:\/\/kbkmakine.com\/index.php\/misyonumuz\/","name":"Misyonumuz - \u015eanz\u0131man Ke\u00e7eleri - Fren Tekerlek Ke\u00e7eleri - Enjekt\u00f6r Ke\u00e7eleri - So\u011futma - Ya\u011flama Par\u00e7alar\u0131","isPartOf":{"@id":"https:\/\/kbkmakine.com\/#website"},"primaryImageOfPage":{"@id":"https:\/\/kbkmakine.com\/index.php\/misyonumuz\/#primaryimage"},"image":{"@id":"https:\/\/kbkmakine.com\/index.php\/misyonumuz\/#primaryimage"},"thumbnailUrl":"https:\/\/kbkmakine.com\/wp-content\/uploads\/2025\/08\/kbk-makine-1.jpg","datePublished":"2025-08-22T15:49:24+00:00","dateModified":"2025-08-22T15:50:29+00:00","breadcrumb":{"@id":"https:\/\/kbkmakine.com\/index.php\/misyonumuz\/#breadcrumb"},"inLanguage":"tr","potentialAction":[{"@type":"ReadAction","target":["https:\/\/kbkmakine.com\/index.php\/misyonumuz\/"]}]},{"@type":"ImageObject","inLanguage":"tr","@id":"https:\/\/kbkmakine.com\/index.php\/misyonumuz\/#primaryimage","url":"https:\/\/kbkmakine.com\/wp-content\/uploads\/2025\/08\/kbk-makine-1.jpg","contentUrl":"https:\/\/kbkmakine.com\/wp-content\/uploads\/2025\/08\/kbk-makine-1.jpg","width":1833,"height":1222},{"@type":"BreadcrumbList","@id":"https:\/\/kbkmakine.com\/index.php\/misyonumuz\/#breadcrumb","itemListElement":[{"@type":"ListItem","position":1,"name":"Anasayfa","item":"https:\/\/kbkmakine.com\/"},{"@type":"ListItem","position":2,"name":"Misyonumuz"}]},{"@type":"WebSite","@id":"https:\/\/kbkmakine.com\/#website","url":"https:\/\/kbkmakine.com\/","name":"\u015eanz\u0131man Ke\u00e7eleri - Fren Tekerlek Ke\u00e7eleri - Enjekt\u00f6r Ke\u00e7eleri - So\u011futma - Ya\u011flama Par\u00e7alar\u0131","description":"","potentialAction":[{"@type":"SearchAction","target":{"@type":"EntryPoint","urlTemplate":"https:\/\/kbkmakine.com\/?s={search_term_string}"},"query-input":{"@type":"PropertyValueSpecification","valueRequired":true,"valueName":"search_term_string"}}],"inLanguage":"tr"}]}},"_links":{"self":[{"href":"https:\/\/kbkmakine.com\/index.php\/wp-json\/wp\/v2\/pages\/4425","targetHints":{"allow":["GET"]}}],"collection":[{"href":"https:\/\/kbkmakine.com\/index.php\/wp-json\/wp\/v2\/pages"}],"about":[{"href":"https:\/\/kbkmakine.com\/index.php\/wp-json\/wp\/v2\/types\/page"}],"author":[{"embeddable":true,"href":"https:\/\/kbkmakine.com\/index.php\/wp-json\/wp\/v2\/users\/1"}],"replies":[{"embeddable":true,"href":"https:\/\/kbkmakine.com\/index.php\/wp-json\/wp\/v2\/comments?post=4425"}],"version-history":[{"count":4,"href":"https:\/\/kbkmakine.com\/index.php\/wp-json\/wp\/v2\/pages\/4425\/revisions"}],"predecessor-version":[{"id":4429,"href":"https:\/\/kbkmakine.com\/index.php\/wp-json\/wp\/v2\/pages\/4425\/revisions\/4429"}],"wp:attachment":[{"href":"https:\/\/kbkmakine.com\/index.php\/wp-json\/wp\/v2\/media?parent=4425"}],"curies":[{"name":"wp","href":"https:\/\/api.w.org\/{rel}","templated":true}]}}