{"id":4222,"date":"2021-04-10T22:48:00","date_gmt":"2021-04-10T22:48:00","guid":{"rendered":"https:\/\/essentials.pixfort.com\/company-elementor\/?page_id=4222"},"modified":"2025-08-24T12:52:57","modified_gmt":"2025-08-24T09:52:57","slug":"hakkimizda","status":"publish","type":"page","link":"https:\/\/kbkmakine.com\/index.php\/hakkimizda\/","title":{"rendered":"Hakk\u0131m\u0131zda"},"content":{"rendered":"\t\t<div data-elementor-type=\"wp-page\" data-elementor-id=\"4222\" class=\"elementor elementor-4222\" data-elementor-post-type=\"page\">\n\t\t\t\t\t\t<section class=\"elementor-section elementor-top-section elementor-element elementor-element-8f8cbf2 elementor-section-boxed elementor-section-height-default elementor-section-height-default\" data-id=\"8f8cbf2\" data-element_type=\"section\" data-settings=\"{&quot;background_background&quot;:&quot;classic&quot;}\">\n\t\t\t\t\t\t<div class=\"elementor-container elementor-column-gap-default\">\n\t\t\t\t\t<div class=\"elementor-column elementor-col-50 elementor-top-column elementor-element elementor-element-d3c7260\" data-id=\"d3c7260\" data-element_type=\"column\">\n\t\t\t<div class=\"elementor-widget-wrap elementor-element-populated\">\n\t\t\t\t\t\t<div class=\"elementor-element elementor-element-fc7eeb4 elementor-widget elementor-widget-pix-highlighted-text\" data-id=\"fc7eeb4\" data-element_type=\"widget\" data-widget_type=\"pix-highlighted-text.default\">\n\t\t\t\t<div class=\"elementor-widget-container\">\n\t\t\t\t\t<div id=\"highlighted-text-149228819\" class=\"pix-highlighted-element text-left \"><h2 class=\"pix-highlighted-items \" style=\"\" data-anim-type=\"\" data-anim-delay=\"\"><span id=\"highlighted-text-149228819-0\" class=\" elementor-repeater-item-d38df35\"><span class=\"pix-highlighted-text pix-highlight-item font-weight-normal  heading-font text-heading-default\">KBK <\/span><\/span><span id=\"highlighted-text-149228819-1\" class=\"pix-highlight-bg align-middle2   elementor-repeater-item-b2f5606 highlighted-text-149228819-1 animate-in\" data-anim-type=\"highlight-grow\" data-anim-delay=\"200\"><span class=\"pix-highlighted-text  pix-highlight-item font-weight-normal  font-weight-bold heading-font text-heading-default\">Makine<\/span><\/span><\/h2><\/div>\t\t\t\t<\/div>\n\t\t\t\t<\/div>\n\t\t\t\t<div class=\"elementor-element elementor-element-7ecfeaa elementor-widget elementor-widget-pix-text\" data-id=\"7ecfeaa\" data-element_type=\"widget\" data-widget_type=\"pix-text.default\">\n\t\t\t\t<div class=\"elementor-widget-container\">\n\t\t\t\t\t<div class=\"pix-el-text w-100 text-left \" ><p class=\"text-20 resp-option text-dark-opacity-5 text-left \" >KBK Makine, k\u00f6kl\u00fc bir aile firmas\u0131n\u0131n temelleri \u00fczerine in\u015fa edilmi\u015f, y\u0131llar\u0131n deneyimini modern \u00fcretim anlay\u0131\u015f\u0131yla birle\u015ftiren g\u00fc\u00e7l\u00fc bir markad\u0131r. Otomotiv sekt\u00f6r\u00fcnde kaliteyi ve g\u00fcveni \u00f6n planda tutarak, ba\u015fta Ford olmak \u00fczere bir \u00e7ok markaya y\u00f6nelik yedek par\u00e7a \u00fcretimi yapmaktay\u0131z.\n\nKuruldu\u011fumuz g\u00fcnden bu yana, m\u00fc\u015fteri memnuniyetini ve g\u00fcvenilirli\u011fi en \u00f6nemli de\u011ferimiz olarak benimsedik. \u0130stanbul ba\u015fta olmak \u00fczere T\u00fcrkiye genelinde bir\u00e7ok b\u00fcy\u00fck toptanc\u0131 firma ile i\u015f birli\u011fi yaparak, \u00fcr\u00fcnlerimizi geni\u015f bir da\u011f\u0131t\u0131m a\u011f\u0131yla sekt\u00f6re sunuyoruz.<\/p><\/div>\t\t\t\t<\/div>\n\t\t\t\t<\/div>\n\t\t\t\t\t<\/div>\n\t\t<\/div>\n\t\t\t\t<div class=\"elementor-column elementor-col-50 elementor-top-column elementor-element elementor-element-a26110f\" data-id=\"a26110f\" data-element_type=\"column\">\n\t\t\t<div class=\"elementor-widget-wrap elementor-element-populated\">\n\t\t\t\t\t\t<div class=\"elementor-element elementor-element-d95372e elementor-invisible elementor-widget elementor-widget-pix-photo-stack\" data-id=\"d95372e\" data-element_type=\"widget\" data-widget_type=\"pix-photo-stack.default\">\n\t\t\t\t<div class=\"elementor-widget-container\">\n\t\t\t\t\t<div class=\"pix-photo-stack pix-img-2 \"><div class=\"img-el\" ><div class=\"w-100 pix-bounce-sm pix-duration-slow\"><div class=\"animate-in d-inline-block w-100\" data-anim-type=\"fade-in-up\" data-anim-delay=\"400\"><div class=\"tilt\"><img loading=\"lazy\" decoding=\"async\" width=\"1833\" height=\"1222\" class=\"pix-lazy rounded-lg shadow-lg shadow-hover-lg scale-sm d-inline-block\" loading=\"lazy\" data-srcset=\"https:\/\/kbkmakine.com\/wp-content\/uploads\/2025\/08\/kbk-makine-hakkinda-300x200.jpg 300w, https:\/\/kbkmakine.com\/wp-content\/uploads\/2025\/08\/kbk-makine-hakkinda-1024x683.jpg 1024w, https:\/\/kbkmakine.com\/wp-content\/uploads\/2025\/08\/kbk-makine-hakkinda-768x512.jpg 768w, https:\/\/kbkmakine.com\/wp-content\/uploads\/2025\/08\/kbk-makine-hakkinda-1536x1024.jpg 1536w, https:\/\/kbkmakine.com\/wp-content\/uploads\/2025\/08\/kbk-makine-hakkinda.jpg 1833w\" src=\"https:\/\/kbkmakine.com\/wp-content\/plugins\/pixfort-core\/functions\/images\/loading.webp\" data-src=\"https:\/\/kbkmakine.com\/wp-content\/uploads\/2025\/08\/kbk-makine-hakkinda.jpg\" alt=\"Stack\" \/><\/div><\/div><\/div><\/div><div class=\"img-el\" ><div class=\"w-100 pix-bounce-sm pix-duration-slow\"><div class=\"animate-in d-inline-block w-100\" data-anim-type=\"fade-in-up\" data-anim-delay=\"500\"><div class=\"tilt\"><img loading=\"lazy\" decoding=\"async\" width=\"1833\" height=\"1222\" class=\"pix-lazy rounded-lg shadow-lg shadow-hover-lg scale-sm d-inline-block\" loading=\"lazy\" data-srcset=\"https:\/\/kbkmakine.com\/wp-content\/uploads\/2025\/08\/kbk-makine-hakkinda-1-300x200.jpg 300w, https:\/\/kbkmakine.com\/wp-content\/uploads\/2025\/08\/kbk-makine-hakkinda-1-1024x683.jpg 1024w, https:\/\/kbkmakine.com\/wp-content\/uploads\/2025\/08\/kbk-makine-hakkinda-1-768x512.jpg 768w, https:\/\/kbkmakine.com\/wp-content\/uploads\/2025\/08\/kbk-makine-hakkinda-1-1536x1024.jpg 1536w, https:\/\/kbkmakine.com\/wp-content\/uploads\/2025\/08\/kbk-makine-hakkinda-1.jpg 1833w\" src=\"https:\/\/kbkmakine.com\/wp-content\/plugins\/pixfort-core\/functions\/images\/loading.webp\" data-src=\"https:\/\/kbkmakine.com\/wp-content\/uploads\/2025\/08\/kbk-makine-hakkinda-1.jpg\" alt=\"Stack\" \/><\/div><\/div><\/div><\/div><\/div>\t\t\t\t<\/div>\n\t\t\t\t<\/div>\n\t\t\t\t\t<\/div>\n\t\t<\/div>\n\t\t\t\t\t<\/div>\n\t\t<\/section>\n\t\t\t\t<section class=\"elementor-section elementor-top-section elementor-element elementor-element-1a8c33f elementor-section-full_width elementor-section-height-default elementor-section-height-default\" data-id=\"1a8c33f\" data-element_type=\"section\">\n\t\t\t\t\t\t<div class=\"elementor-container elementor-column-gap-no\">\n\t\t\t\t\t<div class=\"elementor-column elementor-col-100 elementor-top-column elementor-element elementor-element-24b945c\" data-id=\"24b945c\" data-element_type=\"column\">\n\t\t\t<div class=\"elementor-widget-wrap elementor-element-populated\">\n\t\t\t\t\t\t<div class=\"elementor-element elementor-element-418ddcf elementor-widget elementor-widget-pix-dividers\" data-id=\"418ddcf\" data-element_type=\"widget\" data-widget_type=\"pix-dividers.default\">\n\t\t\t\t<div class=\"elementor-widget-container\">\n\t\t\t\t\t<div class=\"pix-divider  position-relative pix-bottom-divider\" data-style=\"style-8\" ><svg xmlns=\"http:\/\/www.w3.org\/2000\/svg\" width=\"100%\" height=\"300px\" viewBox=\"0 0 1200 366\" preserveAspectRatio=\"none\"><polygon fill=\"url(#divider-pix-accordion-34466-bottom-overlay-layer-3)\" points=\"0 240 1200 0 1200 366 0 366\" \/><polygon fill=\"url(#divider-pix-accordion-34466-bottom-overlay-layer-2)\" points=\"0 300 1200 60 1200 366 0 366\"  \/><polygon fill=\"#ffffff\" points=\"0 360 1200 120 1200 366 0 366\"\/><defs><linearGradient id=\"divider-pix-accordion-34466-bottom-overlay-layer-3\" x1=\"0%\" y1=\"0%\" x2=\"100%\" y2=\"0%\"><stop offset=\"0%\"   stop-color=\"#00000014\"\/><stop offset=\"100%\"   stop-color=\"#FFFFFF03\"\/><\/linearGradient><linearGradient id=\"divider-pix-accordion-34466-bottom-overlay-layer-2\" x1=\"0%\" y1=\"0%\" x2=\"100%\" y2=\"0%\"><stop offset=\"0%\"   stop-color=\"#FFFFFF03\"\/><stop offset=\"100%\"   stop-color=\"#FFFFFF03\"\/><\/linearGradient><\/defs><\/svg><\/div>\t\t\t\t<\/div>\n\t\t\t\t<\/div>\n\t\t\t\t\t<\/div>\n\t\t<\/div>\n\t\t\t\t\t<\/div>\n\t\t<\/section>\n\t\t\t\t<section class=\"elementor-section elementor-top-section elementor-element elementor-element-26d4f46 elementor-section-boxed elementor-section-height-default elementor-section-height-default\" data-id=\"26d4f46\" data-element_type=\"section\">\n\t\t\t\t\t\t<div class=\"elementor-container elementor-column-gap-default\">\n\t\t\t\t\t<div class=\"elementor-column elementor-col-50 elementor-top-column elementor-element elementor-element-b180d2e\" data-id=\"b180d2e\" data-element_type=\"column\">\n\t\t\t<div class=\"elementor-widget-wrap elementor-element-populated\">\n\t\t\t\t\t\t<div class=\"elementor-element elementor-element-de149e8 elementor-widget elementor-widget-pix-heading\" data-id=\"de149e8\" data-element_type=\"widget\" data-widget_type=\"pix-heading.default\">\n\t\t\t\t<div class=\"elementor-widget-container\">\n\t\t\t\t\t<div  class=\"pix-heading-el text-left \"><div><div class=\"slide-in-container2\"><h2 class=\"text-heading-default font-weight-bold heading-text el-title_custom_color mb-12\" style=\"\" data-anim-type=\"\" data-anim-delay=\"\">Kalite Anlay\u0131\u015f\u0131m\u0131z<\/h2><\/div><\/div><\/div>\t\t\t\t<\/div>\n\t\t\t\t<\/div>\n\t\t\t\t<div class=\"elementor-element elementor-element-f4d7fe9 elementor-invisible elementor-widget elementor-widget-pix-text\" data-id=\"f4d7fe9\" data-element_type=\"widget\" data-widget_type=\"pix-text.default\">\n\t\t\t\t<div class=\"elementor-widget-container\">\n\t\t\t\t\t<div class=\"pix-el-text w-100 text-left \" ><p class=\"resp-option text-left \"><div class=\" animate-in d-inline-block\" data-anim-delay=\"200\" data-anim-type=\"fade-in-up\"><p data-start=\"725\" data-end=\"796\">\u00dcretimlerimizi, uluslararas\u0131 ge\u00e7erlili\u011fe sahip kalite belgeleri olan:<\/p><ul data-start=\"797\" data-end=\"880\"><li data-start=\"797\" data-end=\"813\"><p data-start=\"799\" data-end=\"813\"><strong data-start=\"799\" data-end=\"811\">ISO 9001<\/strong><\/p><\/li><li data-start=\"814\" data-end=\"838\"><p data-start=\"816\" data-end=\"838\"><strong data-start=\"816\" data-end=\"836\">TSE Standartlar\u0131<\/strong><\/p><\/li><li data-start=\"839\" data-end=\"880\"><p data-start=\"841\" data-end=\"880\"><strong data-start=\"841\" data-end=\"878\">TS 16949 Otomotiv Kalite Y\u00f6netimi<\/strong><\/p><\/li><\/ul><p data-start=\"882\" data-end=\"1027\">\u00e7er\u00e7evesinde ger\u00e7ekle\u015ftiriyoruz. Bu sayede, yedek par\u00e7a sekt\u00f6r\u00fcnde g\u00fcvenilir, dayan\u0131kl\u0131 ve standartlara uygun \u00fcr\u00fcnler sunmay\u0131 garanti ediyoruz.<\/p><\/div><\/p><\/div>\t\t\t\t<\/div>\n\t\t\t\t<\/div>\n\t\t\t\t\t<\/div>\n\t\t<\/div>\n\t\t\t\t<div class=\"elementor-column elementor-col-50 elementor-top-column elementor-element elementor-element-8c38ac3\" data-id=\"8c38ac3\" data-element_type=\"column\">\n\t\t\t<div class=\"elementor-widget-wrap elementor-element-populated\">\n\t\t\t\t\t\t<div class=\"elementor-element elementor-element-e3a3fd2 elementor-widget elementor-widget-pix-img\" data-id=\"e3a3fd2\" data-element_type=\"widget\" data-widget_type=\"pix-img.default\">\n\t\t\t\t<div class=\"elementor-widget-container\">\n\t\t\t\t\t<div class=\"d-inline-block \" ><div class=\"pix-img-el    shadow-lg shadow-hover-lg scale-sm text-center d-inline-block  w-100 rounded-10\"  data-jarallax-element=\"25 0\" data-xaxis=\"25\" data-yaxis=\"0\"><img fetchpriority=\"high\" decoding=\"async\" class=\"card-img2 pix-img-elem rounded-10  h-1002\" style=\"height:auto;\" width=\"1833\" height=\"1222\" srcset=\"https:\/\/kbkmakine.com\/wp-content\/uploads\/2025\/08\/kbk-makine-1.jpg 1833w, https:\/\/kbkmakine.com\/wp-content\/uploads\/2025\/08\/kbk-makine-1-300x200.jpg 300w, https:\/\/kbkmakine.com\/wp-content\/uploads\/2025\/08\/kbk-makine-1-1024x683.jpg 1024w, https:\/\/kbkmakine.com\/wp-content\/uploads\/2025\/08\/kbk-makine-1-768x512.jpg 768w, https:\/\/kbkmakine.com\/wp-content\/uploads\/2025\/08\/kbk-makine-1-1536x1024.jpg 1536w\" sizes=\"(max-width: 1833px) 100vw, 1833px\" src=\"https:\/\/kbkmakine.com\/wp-content\/uploads\/2025\/08\/kbk-makine-1.jpg\" alt=\"Image\" \/><\/div><\/div>\t\t\t\t<\/div>\n\t\t\t\t<\/div>\n\t\t\t\t\t<\/div>\n\t\t<\/div>\n\t\t\t\t\t<\/div>\n\t\t<\/section>\n\t\t\t\t<\/div>\n\t\t","protected":false},"excerpt":{"rendered":"<p>KBK Makine KBK Makine, k\u00f6kl\u00fc bir aile firmas\u0131n\u0131n temelleri \u00fczerine in\u015fa edilmi\u015f, y\u0131llar\u0131n deneyimini modern \u00fcretim anlay\u0131\u015f\u0131yla birle\u015ftiren g\u00fc\u00e7l\u00fc bir markad\u0131r. Otomotiv sekt\u00f6r\u00fcnde kaliteyi ve g\u00fcveni \u00f6n planda tutarak, ba\u015fta Ford olmak \u00fczere bir \u00e7ok markaya y\u00f6nelik yedek par\u00e7a \u00fcretimi&#8230;<\/p>\n","protected":false},"author":1,"featured_media":0,"parent":0,"menu_order":0,"comment_status":"closed","ping_status":"closed","template":"","meta":{"footnotes":""},"class_list":["post-4222","page","type-page","status-publish","hentry"],"yoast_head":"<!-- This site is optimized with the Yoast SEO plugin v25.7 - https:\/\/yoast.com\/wordpress\/plugins\/seo\/ -->\n<title>Hakk\u0131m\u0131zda - \u015eanz\u0131man Ke\u00e7eleri - Fren Tekerlek Ke\u00e7eleri - Enjekt\u00f6r Ke\u00e7eleri - So\u011futma - Ya\u011flama Par\u00e7alar\u0131<\/title>\n<meta name=\"description\" content=\"KBK Makine, \u0130zmir\u2019de Ford uyumlu yedek par\u00e7a \u00fcretimi yapmaktad\u0131r. ISO 9001 \u2013 TSE \u2013 TS 16949 sertifikal\u0131 kalite, g\u00fc\u00e7l\u00fc stok, g\u00fcvenilir tedarik\u00e7i.\" \/>\n<meta name=\"robots\" content=\"index, follow, max-snippet:-1, max-image-preview:large, max-video-preview:-1\" \/>\n<link rel=\"canonical\" href=\"https:\/\/kbkmakine.com\/index.php\/hakkimizda\/\" \/>\n<meta property=\"og:locale\" content=\"tr_TR\" \/>\n<meta property=\"og:type\" content=\"article\" \/>\n<meta property=\"og:title\" content=\"Hakk\u0131m\u0131zda - \u015eanz\u0131man Ke\u00e7eleri - Fren Tekerlek Ke\u00e7eleri - Enjekt\u00f6r Ke\u00e7eleri - So\u011futma - Ya\u011flama Par\u00e7alar\u0131\" \/>\n<meta property=\"og:description\" content=\"KBK Makine, \u0130zmir\u2019de Ford uyumlu yedek par\u00e7a \u00fcretimi yapmaktad\u0131r. ISO 9001 \u2013 TSE \u2013 TS 16949 sertifikal\u0131 kalite, g\u00fc\u00e7l\u00fc stok, g\u00fcvenilir tedarik\u00e7i.\" \/>\n<meta property=\"og:url\" content=\"https:\/\/kbkmakine.com\/index.php\/hakkimizda\/\" \/>\n<meta property=\"og:site_name\" content=\"\u015eanz\u0131man Ke\u00e7eleri - Fren Tekerlek Ke\u00e7eleri - Enjekt\u00f6r Ke\u00e7eleri - So\u011futma - Ya\u011flama Par\u00e7alar\u0131\" \/>\n<meta property=\"article:modified_time\" content=\"2025-08-24T09:52:57+00:00\" \/>\n<meta property=\"og:image\" content=\"https:\/\/kbkmakine.com\/wp-content\/plugins\/pixfort-core\/functions\/images\/loading.webp\" \/>\n<meta name=\"twitter:card\" content=\"summary_large_image\" \/>\n<meta name=\"twitter:label1\" content=\"Tahmini okuma s\u00fcresi\" \/>\n\t<meta name=\"twitter:data1\" content=\"2 dakika\" \/>\n<script type=\"application\/ld+json\" class=\"yoast-schema-graph\">{\"@context\":\"https:\/\/schema.org\",\"@graph\":[{\"@type\":\"WebPage\",\"@id\":\"https:\/\/kbkmakine.com\/index.php\/hakkimizda\/\",\"url\":\"https:\/\/kbkmakine.com\/index.php\/hakkimizda\/\",\"name\":\"Hakk\u0131m\u0131zda - \u015eanz\u0131man Ke\u00e7eleri - Fren Tekerlek Ke\u00e7eleri - Enjekt\u00f6r Ke\u00e7eleri - So\u011futma - Ya\u011flama Par\u00e7alar\u0131\",\"isPartOf\":{\"@id\":\"https:\/\/kbkmakine.com\/#website\"},\"primaryImageOfPage\":{\"@id\":\"https:\/\/kbkmakine.com\/index.php\/hakkimizda\/#primaryimage\"},\"image\":{\"@id\":\"https:\/\/kbkmakine.com\/index.php\/hakkimizda\/#primaryimage\"},\"thumbnailUrl\":\"https:\/\/kbkmakine.com\/wp-content\/plugins\/pixfort-core\/functions\/images\/loading.webp\",\"datePublished\":\"2021-04-10T22:48:00+00:00\",\"dateModified\":\"2025-08-24T09:52:57+00:00\",\"description\":\"KBK Makine, \u0130zmir\u2019de Ford uyumlu yedek par\u00e7a \u00fcretimi yapmaktad\u0131r. ISO 9001 \u2013 TSE \u2013 TS 16949 sertifikal\u0131 kalite, g\u00fc\u00e7l\u00fc stok, g\u00fcvenilir tedarik\u00e7i.\",\"breadcrumb\":{\"@id\":\"https:\/\/kbkmakine.com\/index.php\/hakkimizda\/#breadcrumb\"},\"inLanguage\":\"tr\",\"potentialAction\":[{\"@type\":\"ReadAction\",\"target\":[\"https:\/\/kbkmakine.com\/index.php\/hakkimizda\/\"]}]},{\"@type\":\"ImageObject\",\"inLanguage\":\"tr\",\"@id\":\"https:\/\/kbkmakine.com\/index.php\/hakkimizda\/#primaryimage\",\"url\":\"https:\/\/kbkmakine.com\/wp-content\/plugins\/pixfort-core\/functions\/images\/loading.webp\",\"contentUrl\":\"https:\/\/kbkmakine.com\/wp-content\/plugins\/pixfort-core\/functions\/images\/loading.webp\"},{\"@type\":\"BreadcrumbList\",\"@id\":\"https:\/\/kbkmakine.com\/index.php\/hakkimizda\/#breadcrumb\",\"itemListElement\":[{\"@type\":\"ListItem\",\"position\":1,\"name\":\"Anasayfa\",\"item\":\"https:\/\/kbkmakine.com\/\"},{\"@type\":\"ListItem\",\"position\":2,\"name\":\"Hakk\u0131m\u0131zda\"}]},{\"@type\":\"WebSite\",\"@id\":\"https:\/\/kbkmakine.com\/#website\",\"url\":\"https:\/\/kbkmakine.com\/\",\"name\":\"\u015eanz\u0131man Ke\u00e7eleri - Fren Tekerlek Ke\u00e7eleri - Enjekt\u00f6r Ke\u00e7eleri - So\u011futma - Ya\u011flama Par\u00e7alar\u0131\",\"description\":\"\",\"potentialAction\":[{\"@type\":\"SearchAction\",\"target\":{\"@type\":\"EntryPoint\",\"urlTemplate\":\"https:\/\/kbkmakine.com\/?s={search_term_string}\"},\"query-input\":{\"@type\":\"PropertyValueSpecification\",\"valueRequired\":true,\"valueName\":\"search_term_string\"}}],\"inLanguage\":\"tr\"}]}<\/script>\n<!-- \/ Yoast SEO plugin. -->","yoast_head_json":{"title":"Hakk\u0131m\u0131zda - \u015eanz\u0131man Ke\u00e7eleri - Fren Tekerlek Ke\u00e7eleri - Enjekt\u00f6r Ke\u00e7eleri - So\u011futma - Ya\u011flama Par\u00e7alar\u0131","description":"KBK Makine, \u0130zmir\u2019de Ford uyumlu yedek par\u00e7a \u00fcretimi yapmaktad\u0131r. ISO 9001 \u2013 TSE \u2013 TS 16949 sertifikal\u0131 kalite, g\u00fc\u00e7l\u00fc stok, g\u00fcvenilir tedarik\u00e7i.","robots":{"index":"index","follow":"follow","max-snippet":"max-snippet:-1","max-image-preview":"max-image-preview:large","max-video-preview":"max-video-preview:-1"},"canonical":"https:\/\/kbkmakine.com\/index.php\/hakkimizda\/","og_locale":"tr_TR","og_type":"article","og_title":"Hakk\u0131m\u0131zda - \u015eanz\u0131man Ke\u00e7eleri - Fren Tekerlek Ke\u00e7eleri - Enjekt\u00f6r Ke\u00e7eleri - So\u011futma - Ya\u011flama Par\u00e7alar\u0131","og_description":"KBK Makine, \u0130zmir\u2019de Ford uyumlu yedek par\u00e7a \u00fcretimi yapmaktad\u0131r. ISO 9001 \u2013 TSE \u2013 TS 16949 sertifikal\u0131 kalite, g\u00fc\u00e7l\u00fc stok, g\u00fcvenilir tedarik\u00e7i.","og_url":"https:\/\/kbkmakine.com\/index.php\/hakkimizda\/","og_site_name":"\u015eanz\u0131man Ke\u00e7eleri - Fren Tekerlek Ke\u00e7eleri - Enjekt\u00f6r Ke\u00e7eleri - So\u011futma - Ya\u011flama Par\u00e7alar\u0131","article_modified_time":"2025-08-24T09:52:57+00:00","og_image":[{"url":"https:\/\/kbkmakine.com\/wp-content\/plugins\/pixfort-core\/functions\/images\/loading.webp","type":"","width":"","height":""}],"twitter_card":"summary_large_image","twitter_misc":{"Tahmini okuma s\u00fcresi":"2 dakika"},"schema":{"@context":"https:\/\/schema.org","@graph":[{"@type":"WebPage","@id":"https:\/\/kbkmakine.com\/index.php\/hakkimizda\/","url":"https:\/\/kbkmakine.com\/index.php\/hakkimizda\/","name":"Hakk\u0131m\u0131zda - \u015eanz\u0131man Ke\u00e7eleri - Fren Tekerlek Ke\u00e7eleri - Enjekt\u00f6r Ke\u00e7eleri - So\u011futma - Ya\u011flama Par\u00e7alar\u0131","isPartOf":{"@id":"https:\/\/kbkmakine.com\/#website"},"primaryImageOfPage":{"@id":"https:\/\/kbkmakine.com\/index.php\/hakkimizda\/#primaryimage"},"image":{"@id":"https:\/\/kbkmakine.com\/index.php\/hakkimizda\/#primaryimage"},"thumbnailUrl":"https:\/\/kbkmakine.com\/wp-content\/plugins\/pixfort-core\/functions\/images\/loading.webp","datePublished":"2021-04-10T22:48:00+00:00","dateModified":"2025-08-24T09:52:57+00:00","description":"KBK Makine, \u0130zmir\u2019de Ford uyumlu yedek par\u00e7a \u00fcretimi yapmaktad\u0131r. ISO 9001 \u2013 TSE \u2013 TS 16949 sertifikal\u0131 kalite, g\u00fc\u00e7l\u00fc stok, g\u00fcvenilir tedarik\u00e7i.","breadcrumb":{"@id":"https:\/\/kbkmakine.com\/index.php\/hakkimizda\/#breadcrumb"},"inLanguage":"tr","potentialAction":[{"@type":"ReadAction","target":["https:\/\/kbkmakine.com\/index.php\/hakkimizda\/"]}]},{"@type":"ImageObject","inLanguage":"tr","@id":"https:\/\/kbkmakine.com\/index.php\/hakkimizda\/#primaryimage","url":"https:\/\/kbkmakine.com\/wp-content\/plugins\/pixfort-core\/functions\/images\/loading.webp","contentUrl":"https:\/\/kbkmakine.com\/wp-content\/plugins\/pixfort-core\/functions\/images\/loading.webp"},{"@type":"BreadcrumbList","@id":"https:\/\/kbkmakine.com\/index.php\/hakkimizda\/#breadcrumb","itemListElement":[{"@type":"ListItem","position":1,"name":"Anasayfa","item":"https:\/\/kbkmakine.com\/"},{"@type":"ListItem","position":2,"name":"Hakk\u0131m\u0131zda"}]},{"@type":"WebSite","@id":"https:\/\/kbkmakine.com\/#website","url":"https:\/\/kbkmakine.com\/","name":"\u015eanz\u0131man Ke\u00e7eleri - Fren Tekerlek Ke\u00e7eleri - Enjekt\u00f6r Ke\u00e7eleri - So\u011futma - Ya\u011flama Par\u00e7alar\u0131","description":"","potentialAction":[{"@type":"SearchAction","target":{"@type":"EntryPoint","urlTemplate":"https:\/\/kbkmakine.com\/?s={search_term_string}"},"query-input":{"@type":"PropertyValueSpecification","valueRequired":true,"valueName":"search_term_string"}}],"inLanguage":"tr"}]}},"_links":{"self":[{"href":"https:\/\/kbkmakine.com\/index.php\/wp-json\/wp\/v2\/pages\/4222","targetHints":{"allow":["GET"]}}],"collection":[{"href":"https:\/\/kbkmakine.com\/index.php\/wp-json\/wp\/v2\/pages"}],"about":[{"href":"https:\/\/kbkmakine.com\/index.php\/wp-json\/wp\/v2\/types\/page"}],"author":[{"embeddable":true,"href":"https:\/\/kbkmakine.com\/index.php\/wp-json\/wp\/v2\/users\/1"}],"replies":[{"embeddable":true,"href":"https:\/\/kbkmakine.com\/index.php\/wp-json\/wp\/v2\/comments?post=4222"}],"version-history":[{"count":20,"href":"https:\/\/kbkmakine.com\/index.php\/wp-json\/wp\/v2\/pages\/4222\/revisions"}],"predecessor-version":[{"id":4400,"href":"https:\/\/kbkmakine.com\/index.php\/wp-json\/wp\/v2\/pages\/4222\/revisions\/4400"}],"wp:attachment":[{"href":"https:\/\/kbkmakine.com\/index.php\/wp-json\/wp\/v2\/media?parent=4222"}],"curies":[{"name":"wp","href":"https:\/\/api.w.org\/{rel}","templated":true}]}}