{"id":4047,"date":"2021-04-09T23:24:36","date_gmt":"2021-04-09T23:24:36","guid":{"rendered":"https:\/\/essentials.pixfort.com\/company-elementor\/?page_id=4047"},"modified":"2025-08-24T12:53:33","modified_gmt":"2025-08-24T09:53:33","slug":"gizlilik-politikasi","status":"publish","type":"page","link":"https:\/\/kbkmakine.com\/index.php\/gizlilik-politikasi\/","title":{"rendered":"Gizlilik Politikas\u0131"},"content":{"rendered":"\t\t<div data-elementor-type=\"wp-page\" data-elementor-id=\"4047\" class=\"elementor elementor-4047\" data-elementor-post-type=\"page\">\n\t\t\t\t\t\t<section class=\"elementor-section elementor-top-section elementor-element elementor-element-eb75f3f elementor-section-boxed elementor-section-height-default elementor-section-height-default\" data-id=\"eb75f3f\" data-element_type=\"section\" data-settings=\"{&quot;background_background&quot;:&quot;classic&quot;}\">\n\t\t\t\t\t\t<div class=\"elementor-container elementor-column-gap-default\">\n\t\t\t\t\t<div class=\"elementor-column elementor-col-100 elementor-top-column elementor-element elementor-element-005d005\" data-id=\"005d005\" data-element_type=\"column\">\n\t\t\t<div class=\"elementor-widget-wrap elementor-element-populated\">\n\t\t\t\t\t\t<div class=\"elementor-element elementor-element-a7d9849 elementor-widget elementor-widget-pix-highlighted-text\" data-id=\"a7d9849\" data-element_type=\"widget\" data-widget_type=\"pix-highlighted-text.default\">\n\t\t\t\t<div class=\"elementor-widget-container\">\n\t\t\t\t\t<div id=\"highlighted-text-122990539\" class=\"pix-highlighted-element text-center \"><h2 class=\"pix-highlighted-items \" style=\"\" data-anim-type=\"\" data-anim-delay=\"\"><span id=\"highlighted-text-122990539-0\" class=\" elementor-repeater-item-d38df35\"><span class=\"pix-highlighted-text pix-highlight-item font-weight-normal  heading-font text-heading-default\">Gizlilik Politikas\u0131<\/span><\/span><\/h2><\/div>\t\t\t\t<\/div>\n\t\t\t\t<\/div>\n\t\t\t\t<div class=\"elementor-element elementor-element-0ec4655 elementor-widget elementor-widget-pix-text\" data-id=\"0ec4655\" data-element_type=\"widget\" data-widget_type=\"pix-text.default\">\n\t\t\t\t<div class=\"elementor-widget-container\">\n\t\t\t\t\t<div class=\"pix-el-text w-100 text-center \" ><p class=\" resp-option text-dark-opacity-5 text-center font-weight-bold\" >*Web sitemizde gezinerek \u00e7erez politikam\u0131z\u0131 kabul etmi\u015f olursunuz.<\/p><\/div>\t\t\t\t<\/div>\n\t\t\t\t<\/div>\n\t\t\t\t\t<\/div>\n\t\t<\/div>\n\t\t\t\t\t<\/div>\n\t\t<\/section>\n\t\t\t\t<section class=\"elementor-section elementor-top-section elementor-element elementor-element-24c7760 elementor-section-full_width elementor-section-height-default elementor-section-height-default\" data-id=\"24c7760\" data-element_type=\"section\">\n\t\t\t\t\t\t<div class=\"elementor-container elementor-column-gap-no\">\n\t\t\t\t\t<div class=\"elementor-column elementor-col-100 elementor-top-column elementor-element elementor-element-51a35ab\" data-id=\"51a35ab\" data-element_type=\"column\">\n\t\t\t<div class=\"elementor-widget-wrap elementor-element-populated\">\n\t\t\t\t\t\t<div class=\"elementor-element elementor-element-b56e518 elementor-widget elementor-widget-pix-dividers\" data-id=\"b56e518\" data-element_type=\"widget\" data-widget_type=\"pix-dividers.default\">\n\t\t\t\t<div class=\"elementor-widget-container\">\n\t\t\t\t\t<div class=\"pix-divider  position-relative pix-bottom-divider\" data-style=\"style-8\" ><svg xmlns=\"http:\/\/www.w3.org\/2000\/svg\" width=\"100%\" height=\"300px\" viewBox=\"0 0 1200 366\" preserveAspectRatio=\"none\"><polygon fill=\"url(#divider-pix-accordion-359552-bottom-overlay-layer-3)\" points=\"0 240 1200 0 1200 366 0 366\" \/><polygon fill=\"url(#divider-pix-accordion-359552-bottom-overlay-layer-2)\" points=\"0 300 1200 60 1200 366 0 366\"  \/><polygon fill=\"#ffffff\" points=\"0 360 1200 120 1200 366 0 366\"\/><defs><linearGradient id=\"divider-pix-accordion-359552-bottom-overlay-layer-3\" x1=\"0%\" y1=\"0%\" x2=\"100%\" y2=\"0%\"><stop offset=\"0%\"   stop-color=\"#00000014\"\/><stop offset=\"100%\"   stop-color=\"#FFFFFF03\"\/><\/linearGradient><linearGradient id=\"divider-pix-accordion-359552-bottom-overlay-layer-2\" x1=\"0%\" y1=\"0%\" x2=\"100%\" y2=\"0%\"><stop offset=\"0%\"   stop-color=\"#FFFFFF03\"\/><stop offset=\"100%\"   stop-color=\"#FFFFFF03\"\/><\/linearGradient><\/defs><\/svg><\/div>\t\t\t\t<\/div>\n\t\t\t\t<\/div>\n\t\t\t\t\t<\/div>\n\t\t<\/div>\n\t\t\t\t\t<\/div>\n\t\t<\/section>\n\t\t\t\t<section class=\"elementor-section elementor-top-section elementor-element elementor-element-39c62d13 elementor-section-boxed elementor-section-height-default elementor-section-height-default\" data-id=\"39c62d13\" data-element_type=\"section\">\n\t\t\t\t\t\t<div class=\"elementor-container elementor-column-gap-default\">\n\t\t\t\t\t<div class=\"elementor-column elementor-col-100 elementor-top-column elementor-element elementor-element-20bbb799\" data-id=\"20bbb799\" data-element_type=\"column\">\n\t\t\t<div class=\"elementor-widget-wrap elementor-element-populated\">\n\t\t\t\t\t\t<div class=\"elementor-element elementor-element-20db8094 elementor-widget elementor-widget-pix-feature\" data-id=\"20db8094\" data-element_type=\"widget\" data-widget_type=\"pix-feature.default\">\n\t\t\t\t<div class=\"elementor-widget-container\">\n\t\t\t\t\t<div id=\"duo-icon-10654983\" class=\"pix-feature-el  media \"><div class=\"mr-3 feature_img \"   style=\"position:relative;text-align:center;\"><i style=\"display:inline-block;font-size:48px;min-width:48px;line-height:48px;\" class=\"text-primary align-middle pixicon-browser-list\"><\/i><\/div><div class=\"media-body text-custom\"><h4 class=\"font-weight-bold   text-heading-default  \" style=\"padding-top:5px;\"  >Gizlilik Politikas\u0131<\/h4><div class=\"text-text-gray    font-weight-bold  \" style=\"padding-top:20px;\"  ><\/div><\/div><\/div>\t\t\t\t<\/div>\n\t\t\t\t<\/div>\n\t\t\t\t<div class=\"elementor-element elementor-element-2f95140c elementor-widget elementor-widget-pix-text\" data-id=\"2f95140c\" data-element_type=\"widget\" data-widget_type=\"pix-text.default\">\n\t\t\t\t<div class=\"elementor-widget-container\">\n\t\t\t\t\t<div class=\"pix-el-text w-100 text-left \" ><p class=\"resp-option text-left \"><p data-start=\"166\" data-end=\"456\">KBK Makine olarak, web sitemizi ziyaret eden, bizimle ileti\u015fime ge\u00e7en veya hizmetlerimizden faydalanan t\u00fcm kullan\u0131c\u0131lar\u0131n ki\u015fisel verilerinin gizlili\u011fini ve g\u00fcvenli\u011fini \u00f6nemsiyoruz. Bu Gizlilik Politikas\u0131, hangi bilgilerin topland\u0131\u011f\u0131n\u0131, nas\u0131l kullan\u0131ld\u0131\u011f\u0131n\u0131 ve korundu\u011funu a\u00e7\u0131klamaktad\u0131r.<\/p><h2 data-start=\"458\" data-end=\"480\">Toplanan Bilgiler<\/h2><ul data-start=\"481\" data-end=\"746\"><li data-start=\"481\" data-end=\"531\"><p data-start=\"483\" data-end=\"531\">Ad, soyad, firma bilgisi gibi kimlik bilgileri<\/p><\/li><li data-start=\"532\" data-end=\"592\"><p data-start=\"534\" data-end=\"592\">Telefon numaras\u0131, e-posta adresi gibi ileti\u015fim bilgileri<\/p><\/li><li data-start=\"593\" data-end=\"648\"><p data-start=\"595\" data-end=\"648\">Sipari\u015f ve \u00f6deme s\u00fcrecinde sa\u011flanan ticari bilgiler<\/p><\/li><li data-start=\"649\" data-end=\"746\"><p data-start=\"651\" data-end=\"746\">Web sitemizin kullan\u0131m\u0131 s\u0131ras\u0131nda elde edilen teknik veriler (IP adresi, \u00e7erez bilgileri vb.)<\/p><\/li><\/ul><h2 data-start=\"748\" data-end=\"773\">Bilgilerin Kullan\u0131m\u0131<\/h2><p data-start=\"774\" data-end=\"822\">Toplanan bilgiler \u015fu ama\u00e7larla kullan\u0131labilir:<\/p><ul data-start=\"823\" data-end=\"1090\"><li data-start=\"823\" data-end=\"910\"><p data-start=\"825\" data-end=\"910\">Sipari\u015flerin al\u0131nmas\u0131, \u00fcr\u00fcnlerin teslim edilmesi ve sat\u0131\u015f sonras\u0131 destek sa\u011flanmas\u0131<\/p><\/li><li data-start=\"911\" data-end=\"978\"><p data-start=\"913\" data-end=\"978\">M\u00fc\u015fteri taleplerine daha h\u0131zl\u0131 ve do\u011fru \u015fekilde yan\u0131t verilmesi<\/p><\/li><li data-start=\"979\" data-end=\"1045\"><p data-start=\"981\" data-end=\"1045\">Hizmet kalitesinin art\u0131r\u0131lmas\u0131 ve web sitemizin geli\u015ftirilmesi<\/p><\/li><li data-start=\"1046\" data-end=\"1090\"><p data-start=\"1048\" data-end=\"1090\">Yasal y\u00fck\u00fcml\u00fcl\u00fcklerin yerine getirilmesi<\/p><\/li><\/ul><h2 data-start=\"1092\" data-end=\"1117\">Bilgilerin Payla\u015f\u0131m\u0131<\/h2><p data-start=\"1118\" data-end=\"1317\">KBK Makine, ki\u015fisel verilerinizi \u00fc\u00e7\u00fcnc\u00fc ki\u015filerle <strong data-start=\"1168\" data-end=\"1187\">izniniz olmadan<\/strong> payla\u015fmaz. Ancak kanuni zorunluluklar, yarg\u0131 kararlar\u0131 veya yetkili mercilerin talepleri do\u011frultusunda bilgiler payla\u015f\u0131labilir.<\/p><h2 data-start=\"1319\" data-end=\"1338\">Veri G\u00fcvenli\u011fi<\/h2><p data-start=\"1339\" data-end=\"1539\">Ki\u015fisel verileriniz, g\u00fcvenli sunucular ve gerekli teknik\/idar\u00ee \u00f6nlemlerle korunmaktad\u0131r. Yetkisiz eri\u015fim, kay\u0131p veya k\u00f6t\u00fcye kullan\u0131m\u0131 \u00f6nlemek i\u00e7in d\u00fczenli olarak g\u00fcvenlik tedbirleri uygulanmaktad\u0131r.<\/p><h2 data-start=\"1541\" data-end=\"1564\">\u00c7erezler (Cookies)<\/h2><p data-start=\"1565\" data-end=\"1743\">Web sitemizde kullan\u0131c\u0131 deneyimini geli\u015ftirmek amac\u0131yla \u00e7erezler kullan\u0131lmaktad\u0131r. Taray\u0131c\u0131 ayarlar\u0131n\u0131z\u0131 de\u011fi\u015ftirerek \u00e7erez kullan\u0131m\u0131n\u0131 engelleyebilir veya s\u0131n\u0131rlayabilirsiniz.<\/p><h2 data-start=\"1745\" data-end=\"1760\">Haklar\u0131n\u0131z<\/h2><p data-start=\"1761\" data-end=\"1799\">Ki\u015fisel verilerinizle ilgili olarak:<\/p><ul data-start=\"1800\" data-end=\"1972\"><li data-start=\"1800\" data-end=\"1824\"><p data-start=\"1802\" data-end=\"1824\">Verilerinize eri\u015fme,<\/p><\/li><li data-start=\"1825\" data-end=\"1884\"><p data-start=\"1827\" data-end=\"1884\">Yanl\u0131\u015f veya eksik bilgilerin d\u00fczeltilmesini talep etme,<\/p><\/li><li data-start=\"1885\" data-end=\"1922\"><p data-start=\"1887\" data-end=\"1922\">Verilerinizin silinmesini isteme,<\/p><\/li><li data-start=\"1923\" data-end=\"1972\"><p data-start=\"1925\" data-end=\"1972\">\u0130\u015flenmesine itiraz etme haklar\u0131na sahipsiniz.<\/p><\/li><\/ul><h2 data-start=\"1974\" data-end=\"1987\">\u0130leti\u015fim<\/h2><p data-start=\"1988\" data-end=\"2149\">Gizlilik politikam\u0131z hakk\u0131nda sorular\u0131n\u0131z veya talepleriniz i\u00e7in bizimle ileti\u015fime ge\u00e7ebilirsiniz:<br data-start=\"2086\" data-end=\"2089\" \/>E-posta: <a class=\"decorated-link cursor-pointer\" rel=\"noopener\" data-start=\"2098\" data-end=\"2116\">info@kbkmakine.com<\/a><\/p><\/p><\/div>\t\t\t\t<\/div>\n\t\t\t\t<\/div>\n\t\t\t\t\t<\/div>\n\t\t<\/div>\n\t\t\t\t\t<\/div>\n\t\t<\/section>\n\t\t\t\t<\/div>\n\t\t","protected":false},"excerpt":{"rendered":"<p>Gizlilik Politikas\u0131 *Web sitemizde gezinerek \u00e7erez politikam\u0131z\u0131 kabul etmi\u015f olursunuz. Gizlilik Politikas\u0131 KBK Makine olarak, web sitemizi ziyaret eden, bizimle ileti\u015fime ge\u00e7en veya hizmetlerimizden faydalanan t\u00fcm kullan\u0131c\u0131lar\u0131n ki\u015fisel verilerinin gizlili\u011fini ve g\u00fcvenli\u011fini \u00f6nemsiyoruz. Bu Gizlilik Politikas\u0131, hangi bilgilerin topland\u0131\u011f\u0131n\u0131, nas\u0131l&#8230;<\/p>\n","protected":false},"author":1,"featured_media":0,"parent":0,"menu_order":0,"comment_status":"closed","ping_status":"closed","template":"","meta":{"footnotes":""},"class_list":["post-4047","page","type-page","status-publish","hentry"],"yoast_head":"<!-- This site is optimized with the Yoast SEO plugin v25.7 - https:\/\/yoast.com\/wordpress\/plugins\/seo\/ -->\n<title>Gizlilik Politikas\u0131 - \u015eanz\u0131man Ke\u00e7eleri - Fren Tekerlek Ke\u00e7eleri - Enjekt\u00f6r Ke\u00e7eleri - So\u011futma - Ya\u011flama Par\u00e7alar\u0131<\/title>\n<meta name=\"description\" content=\"KBK Makine, \u0130zmir\u2019de faaliyet g\u00f6steren bir Ford yedek par\u00e7a \u00fcreticisidir. Ki\u015fisel verilerinizi gizlilik ve g\u00fcvenlik ilkeleri \u00e7er\u00e7evesinde korur.\" \/>\n<meta name=\"robots\" content=\"index, follow, max-snippet:-1, max-image-preview:large, max-video-preview:-1\" \/>\n<link rel=\"canonical\" href=\"https:\/\/kbkmakine.com\/index.php\/gizlilik-politikasi\/\" \/>\n<meta property=\"og:locale\" content=\"tr_TR\" \/>\n<meta property=\"og:type\" content=\"article\" \/>\n<meta property=\"og:title\" content=\"Gizlilik Politikas\u0131 - \u015eanz\u0131man Ke\u00e7eleri - Fren Tekerlek Ke\u00e7eleri - Enjekt\u00f6r Ke\u00e7eleri - So\u011futma - Ya\u011flama Par\u00e7alar\u0131\" \/>\n<meta property=\"og:description\" content=\"KBK Makine, \u0130zmir\u2019de faaliyet g\u00f6steren bir Ford yedek par\u00e7a \u00fcreticisidir. Ki\u015fisel verilerinizi gizlilik ve g\u00fcvenlik ilkeleri \u00e7er\u00e7evesinde korur.\" \/>\n<meta property=\"og:url\" content=\"https:\/\/kbkmakine.com\/index.php\/gizlilik-politikasi\/\" \/>\n<meta property=\"og:site_name\" content=\"\u015eanz\u0131man Ke\u00e7eleri - Fren Tekerlek Ke\u00e7eleri - Enjekt\u00f6r Ke\u00e7eleri - So\u011futma - Ya\u011flama Par\u00e7alar\u0131\" \/>\n<meta property=\"article:modified_time\" content=\"2025-08-24T09:53:33+00:00\" \/>\n<meta name=\"twitter:card\" content=\"summary_large_image\" \/>\n<meta name=\"twitter:label1\" content=\"Tahmini okuma s\u00fcresi\" \/>\n\t<meta name=\"twitter:data1\" content=\"2 dakika\" \/>\n<script type=\"application\/ld+json\" class=\"yoast-schema-graph\">{\"@context\":\"https:\/\/schema.org\",\"@graph\":[{\"@type\":\"WebPage\",\"@id\":\"https:\/\/kbkmakine.com\/index.php\/gizlilik-politikasi\/\",\"url\":\"https:\/\/kbkmakine.com\/index.php\/gizlilik-politikasi\/\",\"name\":\"Gizlilik Politikas\u0131 - \u015eanz\u0131man Ke\u00e7eleri - Fren Tekerlek Ke\u00e7eleri - Enjekt\u00f6r Ke\u00e7eleri - So\u011futma - Ya\u011flama Par\u00e7alar\u0131\",\"isPartOf\":{\"@id\":\"https:\/\/kbkmakine.com\/#website\"},\"datePublished\":\"2021-04-09T23:24:36+00:00\",\"dateModified\":\"2025-08-24T09:53:33+00:00\",\"description\":\"KBK Makine, \u0130zmir\u2019de faaliyet g\u00f6steren bir Ford yedek par\u00e7a \u00fcreticisidir. Ki\u015fisel verilerinizi gizlilik ve g\u00fcvenlik ilkeleri \u00e7er\u00e7evesinde korur.\",\"breadcrumb\":{\"@id\":\"https:\/\/kbkmakine.com\/index.php\/gizlilik-politikasi\/#breadcrumb\"},\"inLanguage\":\"tr\",\"potentialAction\":[{\"@type\":\"ReadAction\",\"target\":[\"https:\/\/kbkmakine.com\/index.php\/gizlilik-politikasi\/\"]}]},{\"@type\":\"BreadcrumbList\",\"@id\":\"https:\/\/kbkmakine.com\/index.php\/gizlilik-politikasi\/#breadcrumb\",\"itemListElement\":[{\"@type\":\"ListItem\",\"position\":1,\"name\":\"Anasayfa\",\"item\":\"https:\/\/kbkmakine.com\/\"},{\"@type\":\"ListItem\",\"position\":2,\"name\":\"Gizlilik Politikas\u0131\"}]},{\"@type\":\"WebSite\",\"@id\":\"https:\/\/kbkmakine.com\/#website\",\"url\":\"https:\/\/kbkmakine.com\/\",\"name\":\"\u015eanz\u0131man Ke\u00e7eleri - Fren Tekerlek Ke\u00e7eleri - Enjekt\u00f6r Ke\u00e7eleri - So\u011futma - Ya\u011flama Par\u00e7alar\u0131\",\"description\":\"\",\"potentialAction\":[{\"@type\":\"SearchAction\",\"target\":{\"@type\":\"EntryPoint\",\"urlTemplate\":\"https:\/\/kbkmakine.com\/?s={search_term_string}\"},\"query-input\":{\"@type\":\"PropertyValueSpecification\",\"valueRequired\":true,\"valueName\":\"search_term_string\"}}],\"inLanguage\":\"tr\"}]}<\/script>\n<!-- \/ Yoast SEO plugin. -->","yoast_head_json":{"title":"Gizlilik Politikas\u0131 - \u015eanz\u0131man Ke\u00e7eleri - Fren Tekerlek Ke\u00e7eleri - Enjekt\u00f6r Ke\u00e7eleri - So\u011futma - Ya\u011flama Par\u00e7alar\u0131","description":"KBK Makine, \u0130zmir\u2019de faaliyet g\u00f6steren bir Ford yedek par\u00e7a \u00fcreticisidir. Ki\u015fisel verilerinizi gizlilik ve g\u00fcvenlik ilkeleri \u00e7er\u00e7evesinde korur.","robots":{"index":"index","follow":"follow","max-snippet":"max-snippet:-1","max-image-preview":"max-image-preview:large","max-video-preview":"max-video-preview:-1"},"canonical":"https:\/\/kbkmakine.com\/index.php\/gizlilik-politikasi\/","og_locale":"tr_TR","og_type":"article","og_title":"Gizlilik Politikas\u0131 - \u015eanz\u0131man Ke\u00e7eleri - Fren Tekerlek Ke\u00e7eleri - Enjekt\u00f6r Ke\u00e7eleri - So\u011futma - Ya\u011flama Par\u00e7alar\u0131","og_description":"KBK Makine, \u0130zmir\u2019de faaliyet g\u00f6steren bir Ford yedek par\u00e7a \u00fcreticisidir. Ki\u015fisel verilerinizi gizlilik ve g\u00fcvenlik ilkeleri \u00e7er\u00e7evesinde korur.","og_url":"https:\/\/kbkmakine.com\/index.php\/gizlilik-politikasi\/","og_site_name":"\u015eanz\u0131man Ke\u00e7eleri - Fren Tekerlek Ke\u00e7eleri - Enjekt\u00f6r Ke\u00e7eleri - So\u011futma - Ya\u011flama Par\u00e7alar\u0131","article_modified_time":"2025-08-24T09:53:33+00:00","twitter_card":"summary_large_image","twitter_misc":{"Tahmini okuma s\u00fcresi":"2 dakika"},"schema":{"@context":"https:\/\/schema.org","@graph":[{"@type":"WebPage","@id":"https:\/\/kbkmakine.com\/index.php\/gizlilik-politikasi\/","url":"https:\/\/kbkmakine.com\/index.php\/gizlilik-politikasi\/","name":"Gizlilik Politikas\u0131 - \u015eanz\u0131man Ke\u00e7eleri - Fren Tekerlek Ke\u00e7eleri - Enjekt\u00f6r Ke\u00e7eleri - So\u011futma - Ya\u011flama Par\u00e7alar\u0131","isPartOf":{"@id":"https:\/\/kbkmakine.com\/#website"},"datePublished":"2021-04-09T23:24:36+00:00","dateModified":"2025-08-24T09:53:33+00:00","description":"KBK Makine, \u0130zmir\u2019de faaliyet g\u00f6steren bir Ford yedek par\u00e7a \u00fcreticisidir. Ki\u015fisel verilerinizi gizlilik ve g\u00fcvenlik ilkeleri \u00e7er\u00e7evesinde korur.","breadcrumb":{"@id":"https:\/\/kbkmakine.com\/index.php\/gizlilik-politikasi\/#breadcrumb"},"inLanguage":"tr","potentialAction":[{"@type":"ReadAction","target":["https:\/\/kbkmakine.com\/index.php\/gizlilik-politikasi\/"]}]},{"@type":"BreadcrumbList","@id":"https:\/\/kbkmakine.com\/index.php\/gizlilik-politikasi\/#breadcrumb","itemListElement":[{"@type":"ListItem","position":1,"name":"Anasayfa","item":"https:\/\/kbkmakine.com\/"},{"@type":"ListItem","position":2,"name":"Gizlilik Politikas\u0131"}]},{"@type":"WebSite","@id":"https:\/\/kbkmakine.com\/#website","url":"https:\/\/kbkmakine.com\/","name":"\u015eanz\u0131man Ke\u00e7eleri - Fren Tekerlek Ke\u00e7eleri - Enjekt\u00f6r Ke\u00e7eleri - So\u011futma - Ya\u011flama Par\u00e7alar\u0131","description":"","potentialAction":[{"@type":"SearchAction","target":{"@type":"EntryPoint","urlTemplate":"https:\/\/kbkmakine.com\/?s={search_term_string}"},"query-input":{"@type":"PropertyValueSpecification","valueRequired":true,"valueName":"search_term_string"}}],"inLanguage":"tr"}]}},"_links":{"self":[{"href":"https:\/\/kbkmakine.com\/index.php\/wp-json\/wp\/v2\/pages\/4047","targetHints":{"allow":["GET"]}}],"collection":[{"href":"https:\/\/kbkmakine.com\/index.php\/wp-json\/wp\/v2\/pages"}],"about":[{"href":"https:\/\/kbkmakine.com\/index.php\/wp-json\/wp\/v2\/types\/page"}],"author":[{"embeddable":true,"href":"https:\/\/kbkmakine.com\/index.php\/wp-json\/wp\/v2\/users\/1"}],"replies":[{"embeddable":true,"href":"https:\/\/kbkmakine.com\/index.php\/wp-json\/wp\/v2\/comments?post=4047"}],"version-history":[{"count":7,"href":"https:\/\/kbkmakine.com\/index.php\/wp-json\/wp\/v2\/pages\/4047\/revisions"}],"predecessor-version":[{"id":4446,"href":"https:\/\/kbkmakine.com\/index.php\/wp-json\/wp\/v2\/pages\/4047\/revisions\/4446"}],"wp:attachment":[{"href":"https:\/\/kbkmakine.com\/index.php\/wp-json\/wp\/v2\/media?parent=4047"}],"curies":[{"name":"wp","href":"https:\/\/api.w.org\/{rel}","templated":true}]}}