{"id":4000,"date":"2021-04-06T00:09:26","date_gmt":"2021-04-06T00:09:26","guid":{"rendered":"https:\/\/essentials.pixfort.com\/company-elementor\/?page_id=4000"},"modified":"2025-08-24T12:53:15","modified_gmt":"2025-08-24T09:53:15","slug":"s-s-s","status":"publish","type":"page","link":"https:\/\/kbkmakine.com\/index.php\/s-s-s\/","title":{"rendered":"S\u0131k\u00e7a Sorulan Sorular"},"content":{"rendered":"\t\t<div data-elementor-type=\"wp-page\" data-elementor-id=\"4000\" class=\"elementor elementor-4000\" data-elementor-post-type=\"page\">\n\t\t\t\t\t\t<section class=\"elementor-section elementor-top-section elementor-element elementor-element-c4cb24e elementor-section-boxed elementor-section-height-default elementor-section-height-default\" data-id=\"c4cb24e\" data-element_type=\"section\" data-settings=\"{&quot;background_background&quot;:&quot;classic&quot;}\">\n\t\t\t\t\t\t<div class=\"elementor-container elementor-column-gap-default\">\n\t\t\t\t\t<div class=\"elementor-column elementor-col-100 elementor-top-column elementor-element elementor-element-e9ac238\" data-id=\"e9ac238\" data-element_type=\"column\">\n\t\t\t<div class=\"elementor-widget-wrap elementor-element-populated\">\n\t\t\t\t\t\t<div class=\"elementor-element elementor-element-b1d7253 elementor-widget elementor-widget-pix-highlighted-text\" data-id=\"b1d7253\" data-element_type=\"widget\" data-widget_type=\"pix-highlighted-text.default\">\n\t\t\t\t<div class=\"elementor-widget-container\">\n\t\t\t\t\t<div id=\"highlighted-text-108746212\" class=\"pix-highlighted-element text-center \"><h2 class=\"pix-highlighted-items \" style=\"\" data-anim-type=\"\" data-anim-delay=\"\"><span id=\"highlighted-text-108746212-0\" class=\" elementor-repeater-item-d38df35\"><span class=\"pix-highlighted-text pix-highlight-item font-weight-normal  heading-font text-heading-default\">S\u0131k\u00e7a <\/span><\/span><span id=\"highlighted-text-108746212-1\" class=\"pix-highlight-bg align-middle2   elementor-repeater-item-b2f5606 highlighted-text-108746212-1 animate-in\" data-anim-type=\"highlight-grow\" data-anim-delay=\"200\"><span class=\"pix-highlighted-text  pix-highlight-item font-weight-normal  font-weight-bold heading-font text-heading-default\">Sorulan<\/span><\/span><span id=\"highlighted-text-108746212-2\" class=\" elementor-repeater-item-3d6442b\"><span class=\"pix-highlighted-text pix-highlight-item font-weight-normal  heading-font text-heading-default\"> Sorular<\/span><\/span><\/h2><\/div>\t\t\t\t<\/div>\n\t\t\t\t<\/div>\n\t\t\t\t<div class=\"elementor-element elementor-element-628477b elementor-widget__width-auto elementor-widget elementor-widget-pix-button\" data-id=\"628477b\" data-element_type=\"widget\" data-widget_type=\"pix-button.default\">\n\t\t\t\t<div class=\"elementor-widget-container\">\n\t\t\t\t\t<a  href=\"https:\/\/kbkmakine.com\/index.php\/iletisim\/\" class=\"btn m-0     shadow-sm text-heading-default btn-white d-inline-block pix-hover-item       btn-lg\"     ><i class=\"font-weight-bold pixicon-phone  pix-hover-left  mr-1\"><\/i> <span class=\"font-weight-bold \" >\u0130leti\u015fim<\/span><\/a>\t\t\t\t<\/div>\n\t\t\t\t<\/div>\n\t\t\t\t\t<\/div>\n\t\t<\/div>\n\t\t\t\t\t<\/div>\n\t\t<\/section>\n\t\t\t\t<section class=\"elementor-section elementor-top-section elementor-element elementor-element-61c59fb elementor-section-full_width elementor-section-height-default elementor-section-height-default\" data-id=\"61c59fb\" data-element_type=\"section\">\n\t\t\t\t\t\t<div class=\"elementor-container elementor-column-gap-no\">\n\t\t\t\t\t<div class=\"elementor-column elementor-col-100 elementor-top-column elementor-element elementor-element-8a68e08\" data-id=\"8a68e08\" data-element_type=\"column\">\n\t\t\t<div class=\"elementor-widget-wrap elementor-element-populated\">\n\t\t\t\t\t\t<div class=\"elementor-element elementor-element-cef8e44 elementor-widget elementor-widget-pix-dividers\" data-id=\"cef8e44\" data-element_type=\"widget\" data-widget_type=\"pix-dividers.default\">\n\t\t\t\t<div class=\"elementor-widget-container\">\n\t\t\t\t\t<div class=\"pix-divider  position-relative pix-bottom-divider\" data-style=\"style-8\" ><svg xmlns=\"http:\/\/www.w3.org\/2000\/svg\" width=\"100%\" height=\"300px\" viewBox=\"0 0 1200 366\" preserveAspectRatio=\"none\"><polygon fill=\"url(#divider-pix-accordion-283623-bottom-overlay-layer-3)\" points=\"0 240 1200 0 1200 366 0 366\" \/><polygon fill=\"url(#divider-pix-accordion-283623-bottom-overlay-layer-2)\" points=\"0 300 1200 60 1200 366 0 366\"  \/><polygon fill=\"#ffffff\" points=\"0 360 1200 120 1200 366 0 366\"\/><defs><linearGradient id=\"divider-pix-accordion-283623-bottom-overlay-layer-3\" x1=\"0%\" y1=\"0%\" x2=\"100%\" y2=\"0%\"><stop offset=\"0%\"   stop-color=\"#00000014\"\/><stop offset=\"100%\"   stop-color=\"#FFFFFF03\"\/><\/linearGradient><linearGradient id=\"divider-pix-accordion-283623-bottom-overlay-layer-2\" x1=\"0%\" y1=\"0%\" x2=\"100%\" y2=\"0%\"><stop offset=\"0%\"   stop-color=\"#FFFFFF03\"\/><stop offset=\"100%\"   stop-color=\"#FFFFFF03\"\/><\/linearGradient><\/defs><\/svg><\/div>\t\t\t\t<\/div>\n\t\t\t\t<\/div>\n\t\t\t\t\t<\/div>\n\t\t<\/div>\n\t\t\t\t\t<\/div>\n\t\t<\/section>\n\t\t\t\t<section class=\"elementor-section elementor-top-section elementor-element elementor-element-db357f7 elementor-section-boxed elementor-section-height-default elementor-section-height-default\" data-id=\"db357f7\" data-element_type=\"section\">\n\t\t\t\t\t\t<div class=\"elementor-container elementor-column-gap-default\">\n\t\t\t\t\t<div class=\"elementor-column elementor-col-100 elementor-top-column elementor-element elementor-element-1b9d521\" data-id=\"1b9d521\" data-element_type=\"column\">\n\t\t\t<div class=\"elementor-widget-wrap elementor-element-populated\">\n\t\t\t\t\t\t<div class=\"elementor-element elementor-element-18077d2 elementor-widget elementor-widget-pix-accordion\" data-id=\"18077d2\" data-element_type=\"widget\" data-widget_type=\"pix-accordion.default\">\n\t\t\t\t<div class=\"elementor-widget-container\">\n\t\t\t\t\t<div class=\"accordion w-100 accordion-card bg-white2 rounded-lg2\" id=\"accordion-8826528\"><div class=\"card\">\n               <div class=\"card-header pix-mb-10 shadow-sm rounded-lg bg-custom\" id=\"headingpix-tab-3537963\" style=\"background:#F8F9FA\">\n                   <button class=\"btn btn-link text-left\" type=\"button\" data-toggle=\"collapse\" data-target=\"#collapsepix-tab-3537963\" aria-expanded=\"true\" aria-controls=\"collapsepix-tab-3537963\"><i class=\"pixicon-check-circle-1 text-primary text-20 pix-mr-10\" ><\/i> <span class=\"font-weight-bold secondary-font text-heading-default\" >KBK Makine hangi ara\u00e7lara yedek par\u00e7a \u00fcretmektedir ?<\/span><\/button>\n               <\/div>\n\n               <div id=\"collapsepix-tab-3537963\" class=\"collapse show\" aria-labelledby=\"headingpix-tab-3537963\">\n                 <div class=\"card-body\">\n                     <p>KBK Makine, a\u011f\u0131rl\u0131kl\u0131 olarak <strong data-start=\"248\" data-end=\"256\">Ford<\/strong> ve <strong data-start=\"260\" data-end=\"271\">Renault<\/strong> marka ara\u00e7lara y\u00f6nelik yedek par\u00e7a \u00fcretimi yapmaktad\u0131r. \u00d6zellikle Ford Transit modelleri i\u00e7in geni\u015f \u00fcr\u00fcn yelpazemiz bulunmaktad\u0131r.<\/p>\n                 <\/div>\n               <\/div>\n             <\/div><div class=\"card\">\n               <div class=\"card-header pix-mb-10 shadow-sm rounded-lg bg-custom\" id=\"headingpix-tab-5376195\" style=\"background:#F8F9FA\">\n                   <button class=\"btn btn-link text-left\" type=\"button\" data-toggle=\"collapse\" data-target=\"#collapsepix-tab-5376195\" aria-expanded=\"true\" aria-controls=\"collapsepix-tab-5376195\"><i class=\"pixicon-check-circle-1 text-primary text-20 pix-mr-10\" ><\/i> <span class=\"font-weight-bold secondary-font text-heading-default\" >\u00dcr\u00fcnleriniz orijinal mi ?<\/span><\/button>\n               <\/div>\n\n               <div id=\"collapsepix-tab-5376195\" class=\"collapse \" aria-labelledby=\"headingpix-tab-5376195\">\n                 <div class=\"card-body\">\n                     <p>\u00dcr\u00fcnlerimiz <strong data-start=\"457\" data-end=\"480\">OEM kodlar\u0131na uygun<\/strong> olarak \u00fcretilmektedir. \u00dcretim s\u00fcre\u00e7lerimiz <strong data-start=\"524\" data-end=\"541\">ISO 9001, TSE<\/strong> ve <strong data-start=\"545\" data-end=\"595\">TS 16949 Otomotiv Kalite Y\u00f6netimi Standartlar\u0131<\/strong>na g\u00f6re ger\u00e7ekle\u015ftirilmektedir.<\/p>\n                 <\/div>\n               <\/div>\n             <\/div><div class=\"card\">\n               <div class=\"card-header pix-mb-10 shadow-sm rounded-lg bg-custom\" id=\"headingpix-tab-2285752\" style=\"background:#F8F9FA\">\n                   <button class=\"btn btn-link text-left\" type=\"button\" data-toggle=\"collapse\" data-target=\"#collapsepix-tab-2285752\" aria-expanded=\"true\" aria-controls=\"collapsepix-tab-2285752\"><i class=\"pixicon-check-circle-1 text-primary text-20 pix-mr-10\" ><\/i> <span class=\"font-weight-bold secondary-font text-heading-default\" >Toplu al\u0131m yapabilir miyim ?<\/span><\/button>\n               <\/div>\n\n               <div id=\"collapsepix-tab-2285752\" class=\"collapse \" aria-labelledby=\"headingpix-tab-2285752\">\n                 <div class=\"card-body\">\n                     <p>Evet. Toptanc\u0131 firmalar ve servisler i\u00e7in <strong data-start=\"714\" data-end=\"750\">toplu al\u0131m ve \u00f6zel fiyatland\u0131rma<\/strong> se\u00e7enekleri sunmaktay\u0131z. Detayl\u0131 bilgi i\u00e7in bizimle ileti\u015fime ge\u00e7ebilirsiniz.<\/p>\n                 <\/div>\n               <\/div>\n             <\/div><div class=\"card\">\n               <div class=\"card-header pix-mb-10 shadow-sm rounded-lg bg-custom\" id=\"headingpix-tab-1954133\" style=\"background:#F8F9FA\">\n                   <button class=\"btn btn-link text-left\" type=\"button\" data-toggle=\"collapse\" data-target=\"#collapsepix-tab-1954133\" aria-expanded=\"true\" aria-controls=\"collapsepix-tab-1954133\"><i class=\"pixicon-check-circle-1 text-primary text-20 pix-mr-10\" ><\/i> <span class=\"font-weight-bold secondary-font text-heading-default\" >\u00dcr\u00fcnlerinizin fiyat listesine nas\u0131l ula\u015fabilirim ?<\/span><\/button>\n               <\/div>\n\n               <div id=\"collapsepix-tab-1954133\" class=\"collapse \" aria-labelledby=\"headingpix-tab-1954133\">\n                 <div class=\"card-body\">\n                     <p>G\u00fcncel fiyat listemiz web sitemizde yer almakta ve ayr\u0131ca <strong data-start=\"954\" data-end=\"978\">PDF\/Excel format\u0131nda<\/strong> talep \u00fczerine payla\u015f\u0131labilmektedir.<\/p>\n                 <\/div>\n               <\/div>\n             <\/div><div class=\"card\">\n               <div class=\"card-header pix-mb-10 shadow-sm rounded-lg bg-custom\" id=\"headingpix-tab-7738533\" style=\"background:#F8F9FA\">\n                   <button class=\"btn btn-link text-left\" type=\"button\" data-toggle=\"collapse\" data-target=\"#collapsepix-tab-7738533\" aria-expanded=\"true\" aria-controls=\"collapsepix-tab-7738533\"><i class=\"pixicon-check-circle-1 text-primary text-20 pix-mr-10\" ><\/i> <span class=\"font-weight-bold secondary-font text-heading-default\" >Sipari\u015f s\u00fcrecim nas\u0131l i\u015fliyor ?<\/span><\/button>\n               <\/div>\n\n               <div id=\"collapsepix-tab-7738533\" class=\"collapse \" aria-labelledby=\"headingpix-tab-7738533\">\n                 <div class=\"card-body\">\n                     <ul><li data-start=\"1236\" data-end=\"1307\"><p data-start=\"1238\" data-end=\"1307\">\u0130htiyac\u0131n\u0131z olan \u00fcr\u00fcn\u00fcn <strong data-start=\"1262\" data-end=\"1292\">OEM kodunu veya KBK kodunu<\/strong> bize iletin.<\/p><\/li><li data-start=\"1308\" data-end=\"1363\"><p data-start=\"1310\" data-end=\"1363\">\u00dcr\u00fcn stok ve fiyat bilgisi taraf\u0131m\u0131zdan payla\u015f\u0131l\u0131r.<\/p><\/li><li data-start=\"1364\" data-end=\"1444\"><p data-start=\"1366\" data-end=\"1444\">Onay sonras\u0131 sevkiyat planlan\u0131r ve \u00fcr\u00fcnleriniz en k\u0131sa s\u00fcrede teslim edilir.<\/p><\/li><\/ul>\n                 <\/div>\n               <\/div>\n             <\/div><div class=\"card\">\n               <div class=\"card-header pix-mb-10 shadow-sm rounded-lg bg-custom\" id=\"headingpix-tab-6024334\" style=\"background:#F8F9FA\">\n                   <button class=\"btn btn-link text-left\" type=\"button\" data-toggle=\"collapse\" data-target=\"#collapsepix-tab-6024334\" aria-expanded=\"true\" aria-controls=\"collapsepix-tab-6024334\"><i class=\"pixicon-check-circle-1 text-primary text-20 pix-mr-10\" ><\/i> <span class=\"font-weight-bold secondary-font text-heading-default\" >Bayilik veriyor musunuz ?<\/span><\/button>\n               <\/div>\n\n               <div id=\"collapsepix-tab-6024334\" class=\"collapse \" aria-labelledby=\"headingpix-tab-6024334\">\n                 <div class=\"card-body\">\n                     <p>Evet. Bayilik ba\u015fvurular\u0131n\u0131 de\u011ferlendiriyoruz. \u0130\u015f birli\u011fi i\u00e7in \u201c<strong data-start=\"1695\" data-end=\"1722\">Bayilik ve Toptan Sat\u0131\u015f<\/strong>\u201d b\u00f6l\u00fcm\u00fcm\u00fczden bizimle ileti\u015fime ge\u00e7ebilirsiniz.<\/p>\n                 <\/div>\n               <\/div>\n             <\/div><\/div>\t\t\t\t<\/div>\n\t\t\t\t<\/div>\n\t\t\t\t\t<\/div>\n\t\t<\/div>\n\t\t\t\t\t<\/div>\n\t\t<\/section>\n\t\t\t\t<\/div>\n\t\t","protected":false},"excerpt":{"rendered":"<p>S\u0131k\u00e7a Sorulan Sorular \u0130leti\u015fim KBK Makine hangi ara\u00e7lara yedek par\u00e7a \u00fcretmektedir ? KBK Makine, a\u011f\u0131rl\u0131kl\u0131 olarak Ford ve Renault marka ara\u00e7lara y\u00f6nelik yedek par\u00e7a \u00fcretimi yapmaktad\u0131r. \u00d6zellikle Ford Transit modelleri i\u00e7in geni\u015f \u00fcr\u00fcn yelpazemiz bulunmaktad\u0131r. \u00dcr\u00fcnleriniz orijinal mi ? \u00dcr\u00fcnlerimiz&#8230;<\/p>\n","protected":false},"author":1,"featured_media":0,"parent":0,"menu_order":0,"comment_status":"closed","ping_status":"closed","template":"","meta":{"footnotes":""},"class_list":["post-4000","page","type-page","status-publish","hentry"],"yoast_head":"<!-- This site is optimized with the Yoast SEO plugin v25.7 - https:\/\/yoast.com\/wordpress\/plugins\/seo\/ -->\n<title>S\u0131k\u00e7a Sorulan Sorular - \u015eanz\u0131man Ke\u00e7eleri - Fren Tekerlek Ke\u00e7eleri - Enjekt\u00f6r Ke\u00e7eleri - So\u011futma - Ya\u011flama Par\u00e7alar\u0131<\/title>\n<meta name=\"description\" content=\"KBK Makine \u00fcr\u00fcnleri, sipari\u015f s\u00fcreci, garanti ve bayilik hakk\u0131nda en \u00e7ok sorulan sorular ve yan\u0131tlar\u0131. \u0130zmir merkezli \u00fcretici firma.\" \/>\n<meta name=\"robots\" content=\"index, follow, max-snippet:-1, max-image-preview:large, max-video-preview:-1\" \/>\n<link rel=\"canonical\" href=\"https:\/\/kbkmakine.com\/index.php\/s-s-s\/\" \/>\n<meta property=\"og:locale\" content=\"tr_TR\" \/>\n<meta property=\"og:type\" content=\"article\" \/>\n<meta property=\"og:title\" content=\"S\u0131k\u00e7a Sorulan Sorular - \u015eanz\u0131man Ke\u00e7eleri - Fren Tekerlek Ke\u00e7eleri - Enjekt\u00f6r Ke\u00e7eleri - So\u011futma - Ya\u011flama Par\u00e7alar\u0131\" \/>\n<meta property=\"og:description\" content=\"KBK Makine \u00fcr\u00fcnleri, sipari\u015f s\u00fcreci, garanti ve bayilik hakk\u0131nda en \u00e7ok sorulan sorular ve yan\u0131tlar\u0131. \u0130zmir merkezli \u00fcretici firma.\" \/>\n<meta property=\"og:url\" content=\"https:\/\/kbkmakine.com\/index.php\/s-s-s\/\" \/>\n<meta property=\"og:site_name\" content=\"\u015eanz\u0131man Ke\u00e7eleri - Fren Tekerlek Ke\u00e7eleri - Enjekt\u00f6r Ke\u00e7eleri - So\u011futma - Ya\u011flama Par\u00e7alar\u0131\" \/>\n<meta property=\"article:modified_time\" content=\"2025-08-24T09:53:15+00:00\" \/>\n<meta name=\"twitter:card\" content=\"summary_large_image\" \/>\n<meta name=\"twitter:label1\" content=\"Tahmini okuma s\u00fcresi\" \/>\n\t<meta name=\"twitter:data1\" content=\"1 dakika\" \/>\n<script type=\"application\/ld+json\" class=\"yoast-schema-graph\">{\"@context\":\"https:\/\/schema.org\",\"@graph\":[{\"@type\":\"WebPage\",\"@id\":\"https:\/\/kbkmakine.com\/index.php\/s-s-s\/\",\"url\":\"https:\/\/kbkmakine.com\/index.php\/s-s-s\/\",\"name\":\"S\u0131k\u00e7a Sorulan Sorular - \u015eanz\u0131man Ke\u00e7eleri - Fren Tekerlek Ke\u00e7eleri - Enjekt\u00f6r Ke\u00e7eleri - So\u011futma - Ya\u011flama Par\u00e7alar\u0131\",\"isPartOf\":{\"@id\":\"https:\/\/kbkmakine.com\/#website\"},\"datePublished\":\"2021-04-06T00:09:26+00:00\",\"dateModified\":\"2025-08-24T09:53:15+00:00\",\"description\":\"KBK Makine \u00fcr\u00fcnleri, sipari\u015f s\u00fcreci, garanti ve bayilik hakk\u0131nda en \u00e7ok sorulan sorular ve yan\u0131tlar\u0131. \u0130zmir merkezli \u00fcretici firma.\",\"breadcrumb\":{\"@id\":\"https:\/\/kbkmakine.com\/index.php\/s-s-s\/#breadcrumb\"},\"inLanguage\":\"tr\",\"potentialAction\":[{\"@type\":\"ReadAction\",\"target\":[\"https:\/\/kbkmakine.com\/index.php\/s-s-s\/\"]}]},{\"@type\":\"BreadcrumbList\",\"@id\":\"https:\/\/kbkmakine.com\/index.php\/s-s-s\/#breadcrumb\",\"itemListElement\":[{\"@type\":\"ListItem\",\"position\":1,\"name\":\"Anasayfa\",\"item\":\"https:\/\/kbkmakine.com\/\"},{\"@type\":\"ListItem\",\"position\":2,\"name\":\"S\u0131k\u00e7a Sorulan Sorular\"}]},{\"@type\":\"WebSite\",\"@id\":\"https:\/\/kbkmakine.com\/#website\",\"url\":\"https:\/\/kbkmakine.com\/\",\"name\":\"\u015eanz\u0131man Ke\u00e7eleri - Fren Tekerlek Ke\u00e7eleri - Enjekt\u00f6r Ke\u00e7eleri - So\u011futma - Ya\u011flama Par\u00e7alar\u0131\",\"description\":\"\",\"potentialAction\":[{\"@type\":\"SearchAction\",\"target\":{\"@type\":\"EntryPoint\",\"urlTemplate\":\"https:\/\/kbkmakine.com\/?s={search_term_string}\"},\"query-input\":{\"@type\":\"PropertyValueSpecification\",\"valueRequired\":true,\"valueName\":\"search_term_string\"}}],\"inLanguage\":\"tr\"}]}<\/script>\n<!-- \/ Yoast SEO plugin. -->","yoast_head_json":{"title":"S\u0131k\u00e7a Sorulan Sorular - \u015eanz\u0131man Ke\u00e7eleri - Fren Tekerlek Ke\u00e7eleri - Enjekt\u00f6r Ke\u00e7eleri - So\u011futma - Ya\u011flama Par\u00e7alar\u0131","description":"KBK Makine \u00fcr\u00fcnleri, sipari\u015f s\u00fcreci, garanti ve bayilik hakk\u0131nda en \u00e7ok sorulan sorular ve yan\u0131tlar\u0131. \u0130zmir merkezli \u00fcretici firma.","robots":{"index":"index","follow":"follow","max-snippet":"max-snippet:-1","max-image-preview":"max-image-preview:large","max-video-preview":"max-video-preview:-1"},"canonical":"https:\/\/kbkmakine.com\/index.php\/s-s-s\/","og_locale":"tr_TR","og_type":"article","og_title":"S\u0131k\u00e7a Sorulan Sorular - \u015eanz\u0131man Ke\u00e7eleri - Fren Tekerlek Ke\u00e7eleri - Enjekt\u00f6r Ke\u00e7eleri - So\u011futma - Ya\u011flama Par\u00e7alar\u0131","og_description":"KBK Makine \u00fcr\u00fcnleri, sipari\u015f s\u00fcreci, garanti ve bayilik hakk\u0131nda en \u00e7ok sorulan sorular ve yan\u0131tlar\u0131. \u0130zmir merkezli \u00fcretici firma.","og_url":"https:\/\/kbkmakine.com\/index.php\/s-s-s\/","og_site_name":"\u015eanz\u0131man Ke\u00e7eleri - Fren Tekerlek Ke\u00e7eleri - Enjekt\u00f6r Ke\u00e7eleri - So\u011futma - Ya\u011flama Par\u00e7alar\u0131","article_modified_time":"2025-08-24T09:53:15+00:00","twitter_card":"summary_large_image","twitter_misc":{"Tahmini okuma s\u00fcresi":"1 dakika"},"schema":{"@context":"https:\/\/schema.org","@graph":[{"@type":"WebPage","@id":"https:\/\/kbkmakine.com\/index.php\/s-s-s\/","url":"https:\/\/kbkmakine.com\/index.php\/s-s-s\/","name":"S\u0131k\u00e7a Sorulan Sorular - \u015eanz\u0131man Ke\u00e7eleri - Fren Tekerlek Ke\u00e7eleri - Enjekt\u00f6r Ke\u00e7eleri - So\u011futma - Ya\u011flama Par\u00e7alar\u0131","isPartOf":{"@id":"https:\/\/kbkmakine.com\/#website"},"datePublished":"2021-04-06T00:09:26+00:00","dateModified":"2025-08-24T09:53:15+00:00","description":"KBK Makine \u00fcr\u00fcnleri, sipari\u015f s\u00fcreci, garanti ve bayilik hakk\u0131nda en \u00e7ok sorulan sorular ve yan\u0131tlar\u0131. \u0130zmir merkezli \u00fcretici firma.","breadcrumb":{"@id":"https:\/\/kbkmakine.com\/index.php\/s-s-s\/#breadcrumb"},"inLanguage":"tr","potentialAction":[{"@type":"ReadAction","target":["https:\/\/kbkmakine.com\/index.php\/s-s-s\/"]}]},{"@type":"BreadcrumbList","@id":"https:\/\/kbkmakine.com\/index.php\/s-s-s\/#breadcrumb","itemListElement":[{"@type":"ListItem","position":1,"name":"Anasayfa","item":"https:\/\/kbkmakine.com\/"},{"@type":"ListItem","position":2,"name":"S\u0131k\u00e7a Sorulan Sorular"}]},{"@type":"WebSite","@id":"https:\/\/kbkmakine.com\/#website","url":"https:\/\/kbkmakine.com\/","name":"\u015eanz\u0131man Ke\u00e7eleri - Fren Tekerlek Ke\u00e7eleri - Enjekt\u00f6r Ke\u00e7eleri - So\u011futma - Ya\u011flama Par\u00e7alar\u0131","description":"","potentialAction":[{"@type":"SearchAction","target":{"@type":"EntryPoint","urlTemplate":"https:\/\/kbkmakine.com\/?s={search_term_string}"},"query-input":{"@type":"PropertyValueSpecification","valueRequired":true,"valueName":"search_term_string"}}],"inLanguage":"tr"}]}},"_links":{"self":[{"href":"https:\/\/kbkmakine.com\/index.php\/wp-json\/wp\/v2\/pages\/4000","targetHints":{"allow":["GET"]}}],"collection":[{"href":"https:\/\/kbkmakine.com\/index.php\/wp-json\/wp\/v2\/pages"}],"about":[{"href":"https:\/\/kbkmakine.com\/index.php\/wp-json\/wp\/v2\/types\/page"}],"author":[{"embeddable":true,"href":"https:\/\/kbkmakine.com\/index.php\/wp-json\/wp\/v2\/users\/1"}],"replies":[{"embeddable":true,"href":"https:\/\/kbkmakine.com\/index.php\/wp-json\/wp\/v2\/comments?post=4000"}],"version-history":[{"count":10,"href":"https:\/\/kbkmakine.com\/index.php\/wp-json\/wp\/v2\/pages\/4000\/revisions"}],"predecessor-version":[{"id":4415,"href":"https:\/\/kbkmakine.com\/index.php\/wp-json\/wp\/v2\/pages\/4000\/revisions\/4415"}],"wp:attachment":[{"href":"https:\/\/kbkmakine.com\/index.php\/wp-json\/wp\/v2\/media?parent=4000"}],"curies":[{"name":"wp","href":"https:\/\/api.w.org\/{rel}","templated":true}]}}