{"id":3914,"date":"2021-04-05T23:30:40","date_gmt":"2021-04-05T23:30:40","guid":{"rendered":"https:\/\/essentials.pixfort.com\/company-elementor\/?page_id=3914"},"modified":"2025-08-24T12:58:18","modified_gmt":"2025-08-24T09:58:18","slug":"uretim-kalitemiz","status":"publish","type":"page","link":"https:\/\/kbkmakine.com\/index.php\/uretim-kalitemiz\/","title":{"rendered":"\u00dcretim Kalitemiz"},"content":{"rendered":"\t\t<div data-elementor-type=\"wp-page\" data-elementor-id=\"3914\" class=\"elementor elementor-3914\" data-elementor-post-type=\"page\">\n\t\t\t\t\t\t<section class=\"elementor-section elementor-top-section elementor-element elementor-element-2e4241a elementor-section-boxed elementor-section-height-default elementor-section-height-default\" data-id=\"2e4241a\" data-element_type=\"section\" data-settings=\"{&quot;background_background&quot;:&quot;classic&quot;}\">\n\t\t\t\t\t\t<div class=\"elementor-container elementor-column-gap-default\">\n\t\t\t\t\t<div class=\"elementor-column elementor-col-50 elementor-top-column elementor-element elementor-element-04a8ae4\" data-id=\"04a8ae4\" data-element_type=\"column\">\n\t\t\t<div class=\"elementor-widget-wrap elementor-element-populated\">\n\t\t\t\t\t\t<div class=\"elementor-element elementor-element-b9aaa32 elementor-widget elementor-widget-pix-highlighted-text\" data-id=\"b9aaa32\" data-element_type=\"widget\" data-widget_type=\"pix-highlighted-text.default\">\n\t\t\t\t<div class=\"elementor-widget-container\">\n\t\t\t\t\t<div id=\"highlighted-text-72549226\" class=\"pix-highlighted-element text-left \"><h2 class=\"pix-highlighted-items \" style=\"\" data-anim-type=\"\" data-anim-delay=\"\"><span id=\"highlighted-text-72549226-0\" class=\"pix-highlight-bg align-middle2   elementor-repeater-item-b2f5606 highlighted-text-72549226-0 animate-in\" data-anim-type=\"highlight-grow\" data-anim-delay=\"200\"><span class=\"pix-highlighted-text  pix-highlight-item font-weight-normal  font-weight-bold heading-font text-heading-default\">Kalite Anlay\u0131\u015f\u0131m\u0131z<\/span><\/span><\/h2><\/div>\t\t\t\t<\/div>\n\t\t\t\t<\/div>\n\t\t\t\t<div class=\"elementor-element elementor-element-0e20596 elementor-widget elementor-widget-pix-text\" data-id=\"0e20596\" data-element_type=\"widget\" data-widget_type=\"pix-text.default\">\n\t\t\t\t<div class=\"elementor-widget-container\">\n\t\t\t\t\t<div class=\"pix-el-text w-100 text-left \" ><p class=\"text-20 resp-option text-dark-opacity-5 text-left \" >KBK Makine olarak, otomotiv yedek par\u00e7a \u00fcretiminde g\u00fcvenilirlik, dayan\u0131kl\u0131l\u0131k ve m\u00fc\u015fteri memnuniyeti ilkelerini esas al\u0131yoruz. \u00dcretimin her a\u015famas\u0131nda kaliteyi \u00f6n planda tutarak, sekt\u00f6r\u00fcn en y\u00fcksek standartlar\u0131na uygun par\u00e7alar geli\u015ftiriyoruz.<\/p><\/div>\t\t\t\t<\/div>\n\t\t\t\t<\/div>\n\t\t\t\t<div class=\"elementor-element elementor-element-d68f08e elementor-widget__width-auto elementor-widget elementor-widget-pix-button\" data-id=\"d68f08e\" data-element_type=\"widget\" data-widget_type=\"pix-button.default\">\n\t\t\t\t<div class=\"elementor-widget-container\">\n\t\t\t\t\t<a  href=\"https:\/\/kbkmakine.com\/index.php\/iletisim\/\" class=\"btn m-0     shadow-sm text-heading-default btn-white d-inline-block pix-hover-item       btn-lg\"     ><i class=\"font-weight-bold pixicon-messages-2  pix-hover-left  mr-1\"><\/i> <span class=\"font-weight-bold \" >\u0130leti\u015fim<\/span><\/a>\t\t\t\t<\/div>\n\t\t\t\t<\/div>\n\t\t\t\t\t<\/div>\n\t\t<\/div>\n\t\t\t\t<div class=\"elementor-column elementor-col-50 elementor-top-column elementor-element elementor-element-ee33063\" data-id=\"ee33063\" data-element_type=\"column\">\n\t\t\t<div class=\"elementor-widget-wrap elementor-element-populated\">\n\t\t\t\t\t\t<div class=\"elementor-element elementor-element-456af31 elementor-invisible elementor-widget elementor-widget-pix-img\" data-id=\"456af31\" data-element_type=\"widget\" data-widget_type=\"pix-img.default\">\n\t\t\t\t<div class=\"elementor-widget-container\">\n\t\t\t\t\t<div class=\"d-inline-block \" ><div class=\"animate-in  d-inline-block\" data-anim-type=\"fade-in-right\" data-anim-delay=\"300\"><div class=\"pix-img-el    fly text-center d-inline-block  w-100 rounded-10\"  ><img fetchpriority=\"high\" decoding=\"async\" class=\"card-img2 pix-img-elem rounded-10  h-1002\" style=\"height:auto;\" width=\"1833\" height=\"1222\" srcset=\"https:\/\/kbkmakine.com\/wp-content\/uploads\/2025\/08\/kbk-makine-1.jpg 1833w, https:\/\/kbkmakine.com\/wp-content\/uploads\/2025\/08\/kbk-makine-1-300x200.jpg 300w, https:\/\/kbkmakine.com\/wp-content\/uploads\/2025\/08\/kbk-makine-1-1024x683.jpg 1024w, https:\/\/kbkmakine.com\/wp-content\/uploads\/2025\/08\/kbk-makine-1-768x512.jpg 768w, https:\/\/kbkmakine.com\/wp-content\/uploads\/2025\/08\/kbk-makine-1-1536x1024.jpg 1536w\" sizes=\"(max-width: 1833px) 100vw, 1833px\" src=\"https:\/\/kbkmakine.com\/wp-content\/uploads\/2025\/08\/kbk-makine-1.jpg\" alt=\"Intro\" \/><\/div><\/div><\/div>\t\t\t\t<\/div>\n\t\t\t\t<\/div>\n\t\t\t\t\t<\/div>\n\t\t<\/div>\n\t\t\t\t\t<\/div>\n\t\t<\/section>\n\t\t\t\t<section class=\"elementor-section elementor-top-section elementor-element elementor-element-cf7505b elementor-section-full_width elementor-section-height-default elementor-section-height-default\" data-id=\"cf7505b\" data-element_type=\"section\">\n\t\t\t\t\t\t<div class=\"elementor-container elementor-column-gap-no\">\n\t\t\t\t\t<div class=\"elementor-column elementor-col-100 elementor-top-column elementor-element elementor-element-f0a8fed\" data-id=\"f0a8fed\" data-element_type=\"column\">\n\t\t\t<div class=\"elementor-widget-wrap elementor-element-populated\">\n\t\t\t\t\t\t<div class=\"elementor-element elementor-element-d140ddd elementor-widget elementor-widget-pix-dividers\" data-id=\"d140ddd\" data-element_type=\"widget\" data-widget_type=\"pix-dividers.default\">\n\t\t\t\t<div class=\"elementor-widget-container\">\n\t\t\t\t\t<div class=\"pix-divider  position-relative pix-bottom-divider\" data-style=\"style-8\" ><svg xmlns=\"http:\/\/www.w3.org\/2000\/svg\" width=\"100%\" height=\"300px\" viewBox=\"0 0 1200 366\" preserveAspectRatio=\"none\"><polygon fill=\"url(#divider-pix-accordion-408103-bottom-overlay-layer-3)\" points=\"0 240 1200 0 1200 366 0 366\" \/><polygon fill=\"url(#divider-pix-accordion-408103-bottom-overlay-layer-2)\" points=\"0 300 1200 60 1200 366 0 366\"  \/><polygon fill=\"#ffffff\" points=\"0 360 1200 120 1200 366 0 366\"\/><defs><linearGradient id=\"divider-pix-accordion-408103-bottom-overlay-layer-3\" x1=\"0%\" y1=\"0%\" x2=\"100%\" y2=\"0%\"><stop offset=\"0%\"   stop-color=\"#00000014\"\/><stop offset=\"100%\"   stop-color=\"#FFFFFF03\"\/><\/linearGradient><linearGradient id=\"divider-pix-accordion-408103-bottom-overlay-layer-2\" x1=\"0%\" y1=\"0%\" x2=\"100%\" y2=\"0%\"><stop offset=\"0%\"   stop-color=\"#FFFFFF03\"\/><stop offset=\"100%\"   stop-color=\"#FFFFFF03\"\/><\/linearGradient><\/defs><\/svg><\/div>\t\t\t\t<\/div>\n\t\t\t\t<\/div>\n\t\t\t\t\t<\/div>\n\t\t<\/div>\n\t\t\t\t\t<\/div>\n\t\t<\/section>\n\t\t<div class=\"elementor-element elementor-element-30d7ef5 e-flex e-con-boxed e-con e-parent\" data-id=\"30d7ef5\" data-element_type=\"container\">\n\t\t\t\t\t<div class=\"e-con-inner\">\n\t\t<div class=\"elementor-element elementor-element-aba6d7a e-con-full e-flex e-con e-child\" data-id=\"aba6d7a\" data-element_type=\"container\">\n\t\t\t\t<div class=\"elementor-element elementor-element-75faa8f elementor-widget elementor-widget-pix-heading\" data-id=\"75faa8f\" data-element_type=\"widget\" data-widget_type=\"pix-heading.default\">\n\t\t\t\t<div class=\"elementor-widget-container\">\n\t\t\t\t\t<div  class=\"pix-heading-el text-left \"><div><div class=\"slide-in-container2\"><h5 class=\"font-weight-bold heading-text el-title_custom_color mb-12\" style=\"\" data-anim-type=\"\" data-anim-delay=\"\">Uluslararas\u0131 Standartlar<\/h5><\/div><\/div><\/div>\t\t\t\t<\/div>\n\t\t\t\t<\/div>\n\t\t\t\t<div class=\"elementor-element elementor-element-0885e17 elementor-widget elementor-widget-pix-feature-list\" data-id=\"0885e17\" data-element_type=\"widget\" data-widget_type=\"pix-feature-list.default\">\n\t\t\t\t<div class=\"elementor-widget-container\">\n\t\t\t\t\t<div id=\"duo-icon-42617318\" class=\"slide-in-container w-100  \" ><div class=\"py-2 \"  ><div class=\"pix-feature-list   font-weight-bold     py-2 d-flex align-items-center\" ><i class=\"pixicon-check-square-2 mr-2 text-primary\" ><\/i><span class=\"text-dark-opacity-5\">ISO 9001 Kalite Y\u00f6netim Sistemi<\/span><\/div><div class=\"pix-feature-list   font-weight-bold     py-2 d-flex align-items-center\" ><i class=\"pixicon-check-square-2 mr-2 text-primary\" ><\/i><span class=\"text-dark-opacity-5\">TSE Standartlar\u0131<\/span><\/div><div class=\"pix-feature-list   font-weight-bold     py-2 d-flex align-items-center\" ><i class=\"pixicon-check-square-2 mr-2 text-primary\" ><\/i><span class=\"text-dark-opacity-5\">TS 16949 Otomotiv Kalite Y\u00f6netim Sistemi<\/span><\/div><\/div><\/div>\t\t\t\t<\/div>\n\t\t\t\t<\/div>\n\t\t\t\t<\/div>\n\t\t<div class=\"elementor-element elementor-element-5c1f63c e-con-full e-flex e-con e-child\" data-id=\"5c1f63c\" data-element_type=\"container\">\n\t\t\t\t<div class=\"elementor-element elementor-element-aea2e3d elementor-widget elementor-widget-pix-heading\" data-id=\"aea2e3d\" data-element_type=\"widget\" data-widget_type=\"pix-heading.default\">\n\t\t\t\t<div class=\"elementor-widget-container\">\n\t\t\t\t\t<div  class=\"pix-heading-el text-left \"><div><div class=\"slide-in-container2\"><h5 class=\"font-weight-bold heading-text el-title_custom_color mb-12\" style=\"\" data-anim-type=\"\" data-anim-delay=\"\">\u00dcretim S\u00fcre\u00e7lerimiz<\/h5><\/div><\/div><\/div>\t\t\t\t<\/div>\n\t\t\t\t<\/div>\n\t\t\t\t<div class=\"elementor-element elementor-element-84f4535 elementor-widget elementor-widget-text-editor\" data-id=\"84f4535\" data-element_type=\"widget\" data-widget_type=\"text-editor.default\">\n\t\t\t\t\t\t\t\t\t<ul><li data-start=\"831\" data-end=\"914\"><p data-start=\"833\" data-end=\"914\"><strong data-start=\"833\" data-end=\"853\">Hammadde Se\u00e7imi:<\/strong> Y\u00fcksek dayan\u0131ml\u0131, \u0131s\u0131ya ve s\u00fcrt\u00fcnmeye diren\u00e7li malzemeler.<\/p><\/li><li data-start=\"915\" data-end=\"989\"><p data-start=\"917\" data-end=\"989\"><strong data-start=\"917\" data-end=\"943\">Modern Makine Parkuru:<\/strong> CNC tezg\u00e2hlar ve hassas i\u015fleme ekipmanlar\u0131.<\/p><\/li><li data-start=\"990\" data-end=\"1067\"><p data-start=\"992\" data-end=\"1067\"><strong data-start=\"992\" data-end=\"1011\">Kalite Kontrol:<\/strong> \u00dcretimin her a\u015famas\u0131nda \u00f6l\u00e7\u00fcm, test ve sertifikasyon.<\/p><\/li><li data-start=\"1068\" data-end=\"1187\"><p data-start=\"1070\" data-end=\"1187\"><strong data-start=\"1070\" data-end=\"1111\">S\u0131zd\u0131rmazl\u0131k &amp; Dayan\u0131kl\u0131l\u0131k Testleri:<\/strong> Ke\u00e7eler, pistonlar, segmanlar ve di\u011fer par\u00e7alar i\u00e7in ayr\u0131 test s\u00fcre\u00e7leri.<\/p><\/li><li data-start=\"1188\" data-end=\"1298\"><p data-start=\"1190\" data-end=\"1298\"><strong data-start=\"1190\" data-end=\"1215\">Paketleme &amp; Sevkiyat:<\/strong> \u00dcr\u00fcnlerin g\u00fcvenli ve hatas\u0131z \u015fekilde m\u00fc\u015fterilere ula\u015fmas\u0131 i\u00e7in \u00f6zel ambalajlama.<\/p><\/li><\/ul>\t\t\t\t\t\t\t\t<\/div>\n\t\t\t\t<\/div>\n\t\t\t\t\t<\/div>\n\t\t\t\t<\/div>\n\t\t<div class=\"elementor-element elementor-element-bd7b0e0 e-flex e-con-boxed e-con e-parent\" data-id=\"bd7b0e0\" data-element_type=\"container\">\n\t\t\t\t\t<div class=\"e-con-inner\">\n\t\t\t\t\t<\/div>\n\t\t\t\t<\/div>\n\t\t\t\t<\/div>\n\t\t","protected":false},"excerpt":{"rendered":"<p>Kalite Anlay\u0131\u015f\u0131m\u0131z KBK Makine olarak, otomotiv yedek par\u00e7a \u00fcretiminde g\u00fcvenilirlik, dayan\u0131kl\u0131l\u0131k ve m\u00fc\u015fteri memnuniyeti ilkelerini esas al\u0131yoruz. \u00dcretimin her a\u015famas\u0131nda kaliteyi \u00f6n planda tutarak, sekt\u00f6r\u00fcn en y\u00fcksek standartlar\u0131na uygun par\u00e7alar geli\u015ftiriyoruz. \u0130leti\u015fim Uluslararas\u0131 Standartlar ISO 9001 Kalite Y\u00f6netim SistemiTSE Standartlar\u0131TS&#8230;<\/p>\n","protected":false},"author":1,"featured_media":0,"parent":0,"menu_order":0,"comment_status":"closed","ping_status":"closed","template":"","meta":{"footnotes":""},"class_list":["post-3914","page","type-page","status-publish","hentry"],"yoast_head":"<!-- This site is optimized with the Yoast SEO plugin v25.7 - https:\/\/yoast.com\/wordpress\/plugins\/seo\/ -->\n<title>\u00dcretim Kalitemiz - \u015eanz\u0131man Ke\u00e7eleri - Fren Tekerlek Ke\u00e7eleri - Enjekt\u00f6r Ke\u00e7eleri - So\u011futma - Ya\u011flama Par\u00e7alar\u0131<\/title>\n<meta name=\"description\" content=\"KBK Makine, \u0130zmir\u2019de Ford uyumlu yedek par\u00e7a \u00fcretimi yapmaktad\u0131r. ISO 9001, TSE ve TS 16949 sertifikal\u0131 kalite ve g\u00fcvence.\" \/>\n<meta name=\"robots\" content=\"index, follow, max-snippet:-1, max-image-preview:large, max-video-preview:-1\" \/>\n<link rel=\"canonical\" href=\"https:\/\/kbkmakine.com\/index.php\/uretim-kalitemiz\/\" \/>\n<meta property=\"og:locale\" content=\"tr_TR\" \/>\n<meta property=\"og:type\" content=\"article\" \/>\n<meta property=\"og:title\" content=\"\u00dcretim Kalitemiz - \u015eanz\u0131man Ke\u00e7eleri - Fren Tekerlek Ke\u00e7eleri - Enjekt\u00f6r Ke\u00e7eleri - So\u011futma - Ya\u011flama Par\u00e7alar\u0131\" \/>\n<meta property=\"og:description\" content=\"KBK Makine, \u0130zmir\u2019de Ford uyumlu yedek par\u00e7a \u00fcretimi yapmaktad\u0131r. ISO 9001, TSE ve TS 16949 sertifikal\u0131 kalite ve g\u00fcvence.\" \/>\n<meta property=\"og:url\" content=\"https:\/\/kbkmakine.com\/index.php\/uretim-kalitemiz\/\" \/>\n<meta property=\"og:site_name\" content=\"\u015eanz\u0131man Ke\u00e7eleri - Fren Tekerlek Ke\u00e7eleri - Enjekt\u00f6r Ke\u00e7eleri - So\u011futma - Ya\u011flama Par\u00e7alar\u0131\" \/>\n<meta property=\"article:modified_time\" content=\"2025-08-24T09:58:18+00:00\" \/>\n<meta property=\"og:image\" content=\"https:\/\/kbkmakine.com\/wp-content\/uploads\/2025\/08\/kbk-makine-1.jpg\" \/>\n<meta name=\"twitter:card\" content=\"summary_large_image\" \/>\n<meta name=\"twitter:label1\" content=\"Tahmini okuma s\u00fcresi\" \/>\n\t<meta name=\"twitter:data1\" content=\"1 dakika\" \/>\n<script type=\"application\/ld+json\" class=\"yoast-schema-graph\">{\"@context\":\"https:\/\/schema.org\",\"@graph\":[{\"@type\":\"WebPage\",\"@id\":\"https:\/\/kbkmakine.com\/index.php\/uretim-kalitemiz\/\",\"url\":\"https:\/\/kbkmakine.com\/index.php\/uretim-kalitemiz\/\",\"name\":\"\u00dcretim Kalitemiz - \u015eanz\u0131man Ke\u00e7eleri - Fren Tekerlek Ke\u00e7eleri - Enjekt\u00f6r Ke\u00e7eleri - So\u011futma - Ya\u011flama Par\u00e7alar\u0131\",\"isPartOf\":{\"@id\":\"https:\/\/kbkmakine.com\/#website\"},\"primaryImageOfPage\":{\"@id\":\"https:\/\/kbkmakine.com\/index.php\/uretim-kalitemiz\/#primaryimage\"},\"image\":{\"@id\":\"https:\/\/kbkmakine.com\/index.php\/uretim-kalitemiz\/#primaryimage\"},\"thumbnailUrl\":\"https:\/\/kbkmakine.com\/wp-content\/uploads\/2025\/08\/kbk-makine-1.jpg\",\"datePublished\":\"2021-04-05T23:30:40+00:00\",\"dateModified\":\"2025-08-24T09:58:18+00:00\",\"description\":\"KBK Makine, \u0130zmir\u2019de Ford uyumlu yedek par\u00e7a \u00fcretimi yapmaktad\u0131r. ISO 9001, TSE ve TS 16949 sertifikal\u0131 kalite ve g\u00fcvence.\",\"breadcrumb\":{\"@id\":\"https:\/\/kbkmakine.com\/index.php\/uretim-kalitemiz\/#breadcrumb\"},\"inLanguage\":\"tr\",\"potentialAction\":[{\"@type\":\"ReadAction\",\"target\":[\"https:\/\/kbkmakine.com\/index.php\/uretim-kalitemiz\/\"]}]},{\"@type\":\"ImageObject\",\"inLanguage\":\"tr\",\"@id\":\"https:\/\/kbkmakine.com\/index.php\/uretim-kalitemiz\/#primaryimage\",\"url\":\"https:\/\/kbkmakine.com\/wp-content\/uploads\/2025\/08\/kbk-makine-1.jpg\",\"contentUrl\":\"https:\/\/kbkmakine.com\/wp-content\/uploads\/2025\/08\/kbk-makine-1.jpg\",\"width\":1833,\"height\":1222},{\"@type\":\"BreadcrumbList\",\"@id\":\"https:\/\/kbkmakine.com\/index.php\/uretim-kalitemiz\/#breadcrumb\",\"itemListElement\":[{\"@type\":\"ListItem\",\"position\":1,\"name\":\"Anasayfa\",\"item\":\"https:\/\/kbkmakine.com\/\"},{\"@type\":\"ListItem\",\"position\":2,\"name\":\"\u00dcretim Kalitemiz\"}]},{\"@type\":\"WebSite\",\"@id\":\"https:\/\/kbkmakine.com\/#website\",\"url\":\"https:\/\/kbkmakine.com\/\",\"name\":\"\u015eanz\u0131man Ke\u00e7eleri - Fren Tekerlek Ke\u00e7eleri - Enjekt\u00f6r Ke\u00e7eleri - So\u011futma - Ya\u011flama Par\u00e7alar\u0131\",\"description\":\"\",\"potentialAction\":[{\"@type\":\"SearchAction\",\"target\":{\"@type\":\"EntryPoint\",\"urlTemplate\":\"https:\/\/kbkmakine.com\/?s={search_term_string}\"},\"query-input\":{\"@type\":\"PropertyValueSpecification\",\"valueRequired\":true,\"valueName\":\"search_term_string\"}}],\"inLanguage\":\"tr\"}]}<\/script>\n<!-- \/ Yoast SEO plugin. -->","yoast_head_json":{"title":"\u00dcretim Kalitemiz - \u015eanz\u0131man Ke\u00e7eleri - Fren Tekerlek Ke\u00e7eleri - Enjekt\u00f6r Ke\u00e7eleri - So\u011futma - Ya\u011flama Par\u00e7alar\u0131","description":"KBK Makine, \u0130zmir\u2019de Ford uyumlu yedek par\u00e7a \u00fcretimi yapmaktad\u0131r. ISO 9001, TSE ve TS 16949 sertifikal\u0131 kalite ve g\u00fcvence.","robots":{"index":"index","follow":"follow","max-snippet":"max-snippet:-1","max-image-preview":"max-image-preview:large","max-video-preview":"max-video-preview:-1"},"canonical":"https:\/\/kbkmakine.com\/index.php\/uretim-kalitemiz\/","og_locale":"tr_TR","og_type":"article","og_title":"\u00dcretim Kalitemiz - \u015eanz\u0131man Ke\u00e7eleri - Fren Tekerlek Ke\u00e7eleri - Enjekt\u00f6r Ke\u00e7eleri - So\u011futma - Ya\u011flama Par\u00e7alar\u0131","og_description":"KBK Makine, \u0130zmir\u2019de Ford uyumlu yedek par\u00e7a \u00fcretimi yapmaktad\u0131r. ISO 9001, TSE ve TS 16949 sertifikal\u0131 kalite ve g\u00fcvence.","og_url":"https:\/\/kbkmakine.com\/index.php\/uretim-kalitemiz\/","og_site_name":"\u015eanz\u0131man Ke\u00e7eleri - Fren Tekerlek Ke\u00e7eleri - Enjekt\u00f6r Ke\u00e7eleri - So\u011futma - Ya\u011flama Par\u00e7alar\u0131","article_modified_time":"2025-08-24T09:58:18+00:00","og_image":[{"url":"https:\/\/kbkmakine.com\/wp-content\/uploads\/2025\/08\/kbk-makine-1.jpg","type":"","width":"","height":""}],"twitter_card":"summary_large_image","twitter_misc":{"Tahmini okuma s\u00fcresi":"1 dakika"},"schema":{"@context":"https:\/\/schema.org","@graph":[{"@type":"WebPage","@id":"https:\/\/kbkmakine.com\/index.php\/uretim-kalitemiz\/","url":"https:\/\/kbkmakine.com\/index.php\/uretim-kalitemiz\/","name":"\u00dcretim Kalitemiz - \u015eanz\u0131man Ke\u00e7eleri - Fren Tekerlek Ke\u00e7eleri - Enjekt\u00f6r Ke\u00e7eleri - So\u011futma - Ya\u011flama Par\u00e7alar\u0131","isPartOf":{"@id":"https:\/\/kbkmakine.com\/#website"},"primaryImageOfPage":{"@id":"https:\/\/kbkmakine.com\/index.php\/uretim-kalitemiz\/#primaryimage"},"image":{"@id":"https:\/\/kbkmakine.com\/index.php\/uretim-kalitemiz\/#primaryimage"},"thumbnailUrl":"https:\/\/kbkmakine.com\/wp-content\/uploads\/2025\/08\/kbk-makine-1.jpg","datePublished":"2021-04-05T23:30:40+00:00","dateModified":"2025-08-24T09:58:18+00:00","description":"KBK Makine, \u0130zmir\u2019de Ford uyumlu yedek par\u00e7a \u00fcretimi yapmaktad\u0131r. ISO 9001, TSE ve TS 16949 sertifikal\u0131 kalite ve g\u00fcvence.","breadcrumb":{"@id":"https:\/\/kbkmakine.com\/index.php\/uretim-kalitemiz\/#breadcrumb"},"inLanguage":"tr","potentialAction":[{"@type":"ReadAction","target":["https:\/\/kbkmakine.com\/index.php\/uretim-kalitemiz\/"]}]},{"@type":"ImageObject","inLanguage":"tr","@id":"https:\/\/kbkmakine.com\/index.php\/uretim-kalitemiz\/#primaryimage","url":"https:\/\/kbkmakine.com\/wp-content\/uploads\/2025\/08\/kbk-makine-1.jpg","contentUrl":"https:\/\/kbkmakine.com\/wp-content\/uploads\/2025\/08\/kbk-makine-1.jpg","width":1833,"height":1222},{"@type":"BreadcrumbList","@id":"https:\/\/kbkmakine.com\/index.php\/uretim-kalitemiz\/#breadcrumb","itemListElement":[{"@type":"ListItem","position":1,"name":"Anasayfa","item":"https:\/\/kbkmakine.com\/"},{"@type":"ListItem","position":2,"name":"\u00dcretim Kalitemiz"}]},{"@type":"WebSite","@id":"https:\/\/kbkmakine.com\/#website","url":"https:\/\/kbkmakine.com\/","name":"\u015eanz\u0131man Ke\u00e7eleri - Fren Tekerlek Ke\u00e7eleri - Enjekt\u00f6r Ke\u00e7eleri - So\u011futma - Ya\u011flama Par\u00e7alar\u0131","description":"","potentialAction":[{"@type":"SearchAction","target":{"@type":"EntryPoint","urlTemplate":"https:\/\/kbkmakine.com\/?s={search_term_string}"},"query-input":{"@type":"PropertyValueSpecification","valueRequired":true,"valueName":"search_term_string"}}],"inLanguage":"tr"}]}},"_links":{"self":[{"href":"https:\/\/kbkmakine.com\/index.php\/wp-json\/wp\/v2\/pages\/3914","targetHints":{"allow":["GET"]}}],"collection":[{"href":"https:\/\/kbkmakine.com\/index.php\/wp-json\/wp\/v2\/pages"}],"about":[{"href":"https:\/\/kbkmakine.com\/index.php\/wp-json\/wp\/v2\/types\/page"}],"author":[{"embeddable":true,"href":"https:\/\/kbkmakine.com\/index.php\/wp-json\/wp\/v2\/users\/1"}],"replies":[{"embeddable":true,"href":"https:\/\/kbkmakine.com\/index.php\/wp-json\/wp\/v2\/comments?post=3914"}],"version-history":[{"count":15,"href":"https:\/\/kbkmakine.com\/index.php\/wp-json\/wp\/v2\/pages\/3914\/revisions"}],"predecessor-version":[{"id":4616,"href":"https:\/\/kbkmakine.com\/index.php\/wp-json\/wp\/v2\/pages\/3914\/revisions\/4616"}],"wp:attachment":[{"href":"https:\/\/kbkmakine.com\/index.php\/wp-json\/wp\/v2\/media?parent=3914"}],"curies":[{"name":"wp","href":"https:\/\/api.w.org\/{rel}","templated":true}]}}